{"id":10878,"date":"2024-03-13T20:44:36","date_gmt":"2024-03-13T19:44:36","guid":{"rendered":"https:\/\/hachazuela.com\/?post_type=product&#038;p=10878"},"modified":"2024-10-19T19:24:25","modified_gmt":"2024-10-19T17:24:25","slug":"morter-olivera","status":"publish","type":"product","link":"https:\/\/hachazuela.com\/ca\/producto\/morter-olivera\/","title":{"rendered":"Morter d\u00b4olivera"},"content":{"rendered":"<pre id=\"tw-target-text\" class=\"tw-data-text tw-text-large tw-ta\" dir=\"ltr\" data-placeholder=\"Traducci\u00f3n\" aria-label=\"Texto traducido\" data-ved=\"2ahUKEwjYu4rhtfmFAxVzA9sEHXLSDYwQ3ewLegQIFBAU\"><span class=\"Y2IQFc\" lang=\"ca\" style=\"font-family: georgia, palatino, serif;\">Morter de fusta d'olivera procedent de la poda anual dels camps de Tarragona, treballat artesanalment a Barcelona\r\n\r\nLa fusta d'olivera \u00e9s molt apreciada i id\u00f2nia per treballar a la cuina per la seva densitat i fermesa\r\n\r\nS'ha texturitzat a tot el seu exterior atorgant-li un car\u00e0cter \u00fanic i facilitar-ne la manipulaci\u00f3 a l'hora de treballar\r\n\r\nS'acompanya amb ma\u00e7a de pedra (alabastre) o b\u00e9 de fusta (pl\u00e0tan)\r\n\r\nAmbd\u00f3s materials es fonen per crear un objecte especial com una escultura<\/span><\/pre>\n<p>&nbsp;<\/p>\n","protected":false},"excerpt":{"rendered":"<p>&nbsp;<\/p>\n<p><span class=\"Y2IQFc\" lang=\"ca\" style=\"font-family: georgia, palatino, serif;\">Morter de fusta d&#8217;olivera procedent de la poda anual dels camps de Tarragona, treballat artesanalment a Barcelona La fusta d&#8217;olivera \u00e9s molt apreciada i id\u00f2nia per treballar a la cuina per la seva densitat i fermesa<\/span><\/p>\n<p>&nbsp;<\/p>\n","protected":false},"featured_media":10861,"comment_status":"closed","ping_status":"closed","template":"","meta":{"_editorskit_title_hidden":false,"_editorskit_reading_time":0,"_editorskit_is_block_options_detached":false,"_editorskit_block_options_position":"{}","inline_featured_image":false},"product_brand":[],"product_cat":[1117,1861],"product_tag":[],"class_list":{"0":"post-10878","1":"product","2":"type-product","3":"status-publish","4":"has-post-thumbnail","6":"product_cat-cuina","7":"product_cat-estris","9":"first","10":"instock","11":"taxable","12":"shipping-taxable","13":"purchasable","14":"product-type-variable"},"_links":{"self":[{"href":"https:\/\/hachazuela.com\/ca\/wp-json\/wp\/v2\/product\/10878","targetHints":{"allow":["GET"]}}],"collection":[{"href":"https:\/\/hachazuela.com\/ca\/wp-json\/wp\/v2\/product"}],"about":[{"href":"https:\/\/hachazuela.com\/ca\/wp-json\/wp\/v2\/types\/product"}],"replies":[{"embeddable":true,"href":"https:\/\/hachazuela.com\/ca\/wp-json\/wp\/v2\/comments?post=10878"}],"wp:featuredmedia":[{"embeddable":true,"href":"https:\/\/hachazuela.com\/ca\/wp-json\/wp\/v2\/media\/10861"}],"wp:attachment":[{"href":"https:\/\/hachazuela.com\/ca\/wp-json\/wp\/v2\/media?parent=10878"}],"wp:term":[{"taxonomy":"product_brand","embeddable":true,"href":"https:\/\/hachazuela.com\/ca\/wp-json\/wp\/v2\/product_brand?post=10878"},{"taxonomy":"product_cat","embeddable":true,"href":"https:\/\/hachazuela.com\/ca\/wp-json\/wp\/v2\/product_cat?post=10878"},{"taxonomy":"product_tag","embeddable":true,"href":"https:\/\/hachazuela.com\/ca\/wp-json\/wp\/v2\/product_tag?post=10878"}],"curies":[{"name":"wp","href":"https:\/\/api.w.org\/{rel}","templated":true}]}}