{"id":10812,"date":"2024-03-08T21:13:23","date_gmt":"2024-03-08T20:13:23","guid":{"rendered":"https:\/\/hachazuela.com\/?post_type=product&#038;p=10812"},"modified":"2024-03-09T20:55:31","modified_gmt":"2024-03-09T19:55:31","slug":"lampada-de-pedra-alabastre","status":"publish","type":"product","link":"https:\/\/hachazuela.com\/ca\/producto\/lampada-de-pedra-alabastre\/","title":{"rendered":"L\u00e0mpada Sol Neixent"},"content":{"rendered":"<pre id=\"tw-target-text\" class=\"tw-data-text tw-text-large tw-ta\" dir=\"ltr\" data-placeholder=\"Traducci\u00f3n\" data-ved=\"2ahUKEwiuqM_o1eeEAxXOT6QEHWT_BTkQ3ewLegQIBRAU\"><span class=\"Y2IQFc\" lang=\"ca\" style=\"font-family: georgia, palatino, serif;\">L\u00e0mpada de sobretaula en pedra d'alabastre, realitzada a m\u00e0 a Catalunya\r\n\r\nL'alabastre \u00e9s una pedra transl\u00facida i gr\u00e0cies a aix\u00f2 t\u00e9 la m\u00e0gia i preciositat de cada veta aportant una llum suau a qualsevol espai p\u00fablic i residencial\r\n\r\nCada pe\u00e7a \u00e9s \u00fanica irrepetible atesa la naturalesa del material, els colors i les vetes varien d'una pedra a una altra, fent de cada llum una pe\u00e7a \u00fanica que celebra la bellesa natural del material a trav\u00e9s de la seva forma simplificada\r\n\r\n\u00c9s una pedra amb grans beneficis energ\u00e8tics\r\n\r\nCarrega't d'energia procedent del centre de la Terra a trav\u00e9s d'aquest incre\u00efble material !!\r\n\r\nAQUEST MODEL T\u00c9 UN TEMPS ESTIMAT DE LLIURAMENT ENTRE 4 A 6 SETMANES, at\u00e8s que ho fem sota enc\u00e0rrec<\/span><\/pre>\n","protected":false},"excerpt":{"rendered":"<p>&nbsp;<\/p>\n<p><span class=\"Y2IQFc\" lang=\"ca\" style=\"font-family: georgia, palatino, serif;\">L\u00e0mpada de sobretaula en pedra d&#8217;alabastre, realitzada a m\u00e0 a Catalunya L&#8217;alabastre \u00e9s una pedra transl\u00facida i gr\u00e0cies a aix\u00f2 t\u00e9 la m\u00e0gia i preciositat de cada veta aportant una llum suau a qualsevol espai p\u00fablic i residencial <\/span><\/p>\n","protected":false},"featured_media":11627,"comment_status":"closed","ping_status":"closed","template":"","meta":{"_editorskit_title_hidden":false,"_editorskit_reading_time":0,"_editorskit_is_block_options_detached":false,"_editorskit_block_options_position":"{}","inline_featured_image":false},"product_brand":[],"product_cat":[2047],"product_tag":[],"class_list":{"0":"post-10812","1":"product","2":"type-product","3":"status-publish","4":"has-post-thumbnail","6":"product_cat-illuminacio","8":"first","9":"instock","10":"taxable","11":"shipping-taxable","12":"purchasable","13":"product-type-simple"},"_links":{"self":[{"href":"https:\/\/hachazuela.com\/ca\/wp-json\/wp\/v2\/product\/10812","targetHints":{"allow":["GET"]}}],"collection":[{"href":"https:\/\/hachazuela.com\/ca\/wp-json\/wp\/v2\/product"}],"about":[{"href":"https:\/\/hachazuela.com\/ca\/wp-json\/wp\/v2\/types\/product"}],"replies":[{"embeddable":true,"href":"https:\/\/hachazuela.com\/ca\/wp-json\/wp\/v2\/comments?post=10812"}],"wp:featuredmedia":[{"embeddable":true,"href":"https:\/\/hachazuela.com\/ca\/wp-json\/wp\/v2\/media\/11627"}],"wp:attachment":[{"href":"https:\/\/hachazuela.com\/ca\/wp-json\/wp\/v2\/media?parent=10812"}],"wp:term":[{"taxonomy":"product_brand","embeddable":true,"href":"https:\/\/hachazuela.com\/ca\/wp-json\/wp\/v2\/product_brand?post=10812"},{"taxonomy":"product_cat","embeddable":true,"href":"https:\/\/hachazuela.com\/ca\/wp-json\/wp\/v2\/product_cat?post=10812"},{"taxonomy":"product_tag","embeddable":true,"href":"https:\/\/hachazuela.com\/ca\/wp-json\/wp\/v2\/product_tag?post=10812"}],"curies":[{"name":"wp","href":"https:\/\/api.w.org\/{rel}","templated":true}]}}