{"id":10742,"date":"2024-03-03T19:47:35","date_gmt":"2024-03-03T18:47:35","guid":{"rendered":"https:\/\/hachazuela.com\/?post_type=product&#038;p=10742"},"modified":"2024-10-16T10:33:13","modified_gmt":"2024-10-16T08:33:13","slug":"taula-tina","status":"publish","type":"product","link":"https:\/\/hachazuela.com\/ca\/producto\/taula-tina\/","title":{"rendered":"Fusta Tina"},"content":{"rendered":"<pre class=\"tw-data-text tw-text-large tw-ta\" dir=\"ltr\" data-placeholder=\"Traducci\u00f3n\" data-ved=\"2ahUKEwi89pXo4NiEAxVuVKQEHVcIDzUQ3ewLegQIBhAU\"><\/pre>\n<pre id=\"tw-target-text\" class=\"tw-data-text tw-text-large tw-ta\" dir=\"ltr\" data-placeholder=\"Traducci\u00f3n\" aria-label=\"Texto traducido\" data-ved=\"2ahUKEwij8uib-4-FAxVp_rsIHbGcBWAQ3ewLegQIBRAU\"><span class=\"Y2IQFc\" lang=\"ca\" style=\"font-family: georgia, palatino, serif;\">Taula de presentaci\u00f3 o de tall en fusta de roure, amb m\u00e0nec per facilitar-ne la manipulaci\u00f3\r\n\r\nCada pe\u00e7a \u00e9s \u00fanica, treballada a m\u00e0 mantenint les formes naturals.\r\n\r\nPertany a la col\u00b7lecci\u00f3 de Coll de dama pel seu m\u00e0nec que ens recorda a les figues del mateix nom, i ens facilita la seva manipulaci\u00f3 a l'hora de servir a taula.\r\n\r\nEsculpim cada pe\u00e7a a m\u00e0, atorgant-li el mim i temps suficient perqu\u00e8 sigui una acar\u00edcia al tacte.\r\n\r\nIdeal per servir a taula, formatges, embotits, sushi, esmorzar, un bon filet\u2026i tamb\u00e9 a tall de tall\r\n\r\nAcabat amb tacte sed\u00f3s amb la<a href=\"https:\/\/hachazuela.com\/ca\/producto\/oli-per-fusta\/\"> nostra cera<\/a> d\u00b4elaboraci\u00f3 pr\u00f2pia.\r\n\r\nS'aconsella netejar amb aigua i sab\u00f3, assecar amb un drap i aplicar la nostra cera d'elaboraci\u00f3 pr\u00f2pia per mantenir hidratada i allargar-ne la bellesa i la durabilitat\r\n\r\nLes mesures s\u00f3n aproximades at\u00e8s que no hi ha dues peces iguals i la mat\u00e8ria primera \u00e9s molt variable.<\/span><\/pre>\n","protected":false},"excerpt":{"rendered":"<p><span class=\"Y2IQFc\" lang=\"ca\" style=\"font-family: georgia, palatino, serif;\">Taula de presentaci\u00f3 o de tall en fusta de roure, amb m\u00e0nec per facilitar-ne la manipulaci\u00f3 Cada pe\u00e7a \u00e9s \u00fanica, treballada a m\u00e0 mantenint les formes naturals.<\/span><\/p>\n<p>&nbsp;<\/p>\n<p>&nbsp;<\/p>\n<p>&nbsp;<\/p>\n","protected":false},"featured_media":11600,"comment_status":"closed","ping_status":"closed","template":"","meta":{"_editorskit_title_hidden":false,"_editorskit_reading_time":0,"_editorskit_is_block_options_detached":false,"_editorskit_block_options_position":"{}","inline_featured_image":false},"product_brand":[],"product_cat":[1489,1675],"product_tag":[],"class_list":{"0":"post-10742","1":"product","2":"type-product","3":"status-publish","4":"has-post-thumbnail","6":"product_cat-taules-cuina","7":"product_cat-taules-presentacio-safates","9":"first","10":"instock","11":"taxable","12":"shipping-taxable","13":"purchasable","14":"product-type-simple"},"_links":{"self":[{"href":"https:\/\/hachazuela.com\/ca\/wp-json\/wp\/v2\/product\/10742","targetHints":{"allow":["GET"]}}],"collection":[{"href":"https:\/\/hachazuela.com\/ca\/wp-json\/wp\/v2\/product"}],"about":[{"href":"https:\/\/hachazuela.com\/ca\/wp-json\/wp\/v2\/types\/product"}],"replies":[{"embeddable":true,"href":"https:\/\/hachazuela.com\/ca\/wp-json\/wp\/v2\/comments?post=10742"}],"wp:featuredmedia":[{"embeddable":true,"href":"https:\/\/hachazuela.com\/ca\/wp-json\/wp\/v2\/media\/11600"}],"wp:attachment":[{"href":"https:\/\/hachazuela.com\/ca\/wp-json\/wp\/v2\/media?parent=10742"}],"wp:term":[{"taxonomy":"product_brand","embeddable":true,"href":"https:\/\/hachazuela.com\/ca\/wp-json\/wp\/v2\/product_brand?post=10742"},{"taxonomy":"product_cat","embeddable":true,"href":"https:\/\/hachazuela.com\/ca\/wp-json\/wp\/v2\/product_cat?post=10742"},{"taxonomy":"product_tag","embeddable":true,"href":"https:\/\/hachazuela.com\/ca\/wp-json\/wp\/v2\/product_tag?post=10742"}],"curies":[{"name":"wp","href":"https:\/\/api.w.org\/{rel}","templated":true}]}}