{"id":10588,"date":"2024-02-20T13:52:03","date_gmt":"2024-02-20T12:52:03","guid":{"rendered":"https:\/\/hachazuela.com\/?post_type=product&#038;p=10588"},"modified":"2024-02-21T18:51:33","modified_gmt":"2024-02-21T17:51:33","slug":"saler-de-taula","status":"publish","type":"product","link":"https:\/\/hachazuela.com\/ca\/producto\/saler-de-taula\/","title":{"rendered":"Saler de taula"},"content":{"rendered":"<p>&nbsp;<\/p>\n<p>Saler de taula elaborat en pedra natural d&#8217;alabastre coneguda per la seva bellesa de vetes, amb tapa de fusta de bedoll i cullera feta amb eines manuals senzilles.<\/p>\n<p>La nostra forma de treballar es caracteritza per la pe\u00e7a \u00fanica, sense \u00fas de plantilles, de manera que cada pe\u00e7a \u00e9s \u00fanica aconseguint originalitat i bellesa.<\/p>\n<p>Aquest saler no \u00e9s nom\u00e9s funcional, sin\u00f3 que tamb\u00e9 \u00e9s una pe\u00e7a decorativa que complementar\u00e0 qualsevol taula, a mode d&#8217;escultura.<\/p>\n<p>Es neteja amb aigua i sab\u00f3 i posteriorment s&#8217;asseca amb una estora neta.<\/p>\n<p>( preu per pe\u00e7a )<\/p>\n<p>Les mesures especificades s\u00f3n de la base d&#8217;alabastre, la cullera varia en funci\u00f3 de cada pe\u00e7a<\/p>\n","protected":false},"excerpt":{"rendered":"<p>&nbsp;<\/p>\n<p>Saler de taula elaborat en pedra natural d&#8217;alabastre coneguda per la seva bellesa de vetes, amb tapa de fusta de bedoll i cullera feta amb eines manuals senzilles.<\/p>\n","protected":false},"featured_media":13600,"comment_status":"closed","ping_status":"closed","template":"","meta":{"_editorskit_title_hidden":false,"_editorskit_reading_time":0,"_editorskit_is_block_options_detached":false,"_editorskit_block_options_position":"{}","inline_featured_image":false},"product_brand":[],"product_cat":[1861],"product_tag":[],"class_list":{"0":"post-10588","1":"product","2":"type-product","3":"status-publish","4":"has-post-thumbnail","6":"product_cat-estris","8":"first","9":"instock","10":"taxable","11":"shipping-taxable","12":"purchasable","13":"product-type-simple"},"_links":{"self":[{"href":"https:\/\/hachazuela.com\/ca\/wp-json\/wp\/v2\/product\/10588","targetHints":{"allow":["GET"]}}],"collection":[{"href":"https:\/\/hachazuela.com\/ca\/wp-json\/wp\/v2\/product"}],"about":[{"href":"https:\/\/hachazuela.com\/ca\/wp-json\/wp\/v2\/types\/product"}],"replies":[{"embeddable":true,"href":"https:\/\/hachazuela.com\/ca\/wp-json\/wp\/v2\/comments?post=10588"}],"wp:featuredmedia":[{"embeddable":true,"href":"https:\/\/hachazuela.com\/ca\/wp-json\/wp\/v2\/media\/13600"}],"wp:attachment":[{"href":"https:\/\/hachazuela.com\/ca\/wp-json\/wp\/v2\/media?parent=10588"}],"wp:term":[{"taxonomy":"product_brand","embeddable":true,"href":"https:\/\/hachazuela.com\/ca\/wp-json\/wp\/v2\/product_brand?post=10588"},{"taxonomy":"product_cat","embeddable":true,"href":"https:\/\/hachazuela.com\/ca\/wp-json\/wp\/v2\/product_cat?post=10588"},{"taxonomy":"product_tag","embeddable":true,"href":"https:\/\/hachazuela.com\/ca\/wp-json\/wp\/v2\/product_tag?post=10588"}],"curies":[{"name":"wp","href":"https:\/\/api.w.org\/{rel}","templated":true}]}}