{"id":10410,"date":"2024-01-27T12:05:23","date_gmt":"2024-01-27T11:05:23","guid":{"rendered":"https:\/\/hachazuela.com\/?post_type=product&#038;p=10410"},"modified":"2024-01-27T12:05:23","modified_gmt":"2024-01-27T11:05:23","slug":"cullera-de-menjar-doble","status":"publish","type":"product","link":"https:\/\/hachazuela.com\/ca\/producto\/cullera-de-menjar-doble\/","title":{"rendered":"Cullera de menjar doble"},"content":{"rendered":"<p>Cullera de menjar doble tallada a m\u00e0. D&#8217;una banda, per a sopes, arrossos, &#8230; i de l&#8217;altra per a caf\u00e8, te, postres&#8230;<\/p>\n<p>\u00a1\u00a1 Dos en un !! Ideal per portar de viatge.<\/p>\n<p>Culleres que eleven no nom\u00e9s els sabors, sin\u00f3 tamb\u00e9 la satisfacci\u00f3 est\u00e8tica de la teva experi\u00e8ncia gastron\u00f2mica. S\u00f3n una opci\u00f3 de regal excepcional per a aquells que aspiren a elevar el seu gaudi culinari a noves altures.<\/p>\n<p>Fabricat de manera sostenible amb fusta de teca i utilitzant t\u00e8cniques tradicionals de tall amb ganivets i ganivets. Acabat amb cera d&#8217;abella i llest per a usar.<\/p>\n<p>Tots els productes utilitzats s\u00f3n aptes per a aliments. Rentar a m\u00e0 \u00fanicament. No el deixis en aigua durant per\u00edodes prolongats.<\/p>\n","protected":false},"excerpt":{"rendered":"<p>&nbsp;<\/p>\n<p>Cullera de menjar doble tallada a m\u00e0. D&#8217;una banda, per a sopes, arrossos, &#8230; i de l&#8217;altra per a caf\u00e8, te, postres&#8230;<\/p>\n<p>\u00a1\u00a1 Dos en un !! Ideal per portar de viatge.<\/p>\n","protected":false},"featured_media":10391,"comment_status":"closed","ping_status":"closed","template":"","meta":{"_editorskit_title_hidden":false,"_editorskit_reading_time":0,"_editorskit_is_block_options_detached":false,"_editorskit_block_options_position":"{}","inline_featured_image":false},"product_brand":[],"product_cat":[1861],"product_tag":[],"class_list":{"0":"post-10410","1":"product","2":"type-product","3":"status-publish","4":"has-post-thumbnail","6":"product_cat-estris","8":"first","9":"outofstock","10":"taxable","11":"shipping-taxable","12":"purchasable","13":"product-type-simple"},"_links":{"self":[{"href":"https:\/\/hachazuela.com\/ca\/wp-json\/wp\/v2\/product\/10410","targetHints":{"allow":["GET"]}}],"collection":[{"href":"https:\/\/hachazuela.com\/ca\/wp-json\/wp\/v2\/product"}],"about":[{"href":"https:\/\/hachazuela.com\/ca\/wp-json\/wp\/v2\/types\/product"}],"replies":[{"embeddable":true,"href":"https:\/\/hachazuela.com\/ca\/wp-json\/wp\/v2\/comments?post=10410"}],"wp:featuredmedia":[{"embeddable":true,"href":"https:\/\/hachazuela.com\/ca\/wp-json\/wp\/v2\/media\/10391"}],"wp:attachment":[{"href":"https:\/\/hachazuela.com\/ca\/wp-json\/wp\/v2\/media?parent=10410"}],"wp:term":[{"taxonomy":"product_brand","embeddable":true,"href":"https:\/\/hachazuela.com\/ca\/wp-json\/wp\/v2\/product_brand?post=10410"},{"taxonomy":"product_cat","embeddable":true,"href":"https:\/\/hachazuela.com\/ca\/wp-json\/wp\/v2\/product_cat?post=10410"},{"taxonomy":"product_tag","embeddable":true,"href":"https:\/\/hachazuela.com\/ca\/wp-json\/wp\/v2\/product_tag?post=10410"}],"curies":[{"name":"wp","href":"https:\/\/api.w.org\/{rel}","templated":true}]}}