{"id":8578,"date":"2023-09-28T16:39:50","date_gmt":"2023-09-28T14:39:50","guid":{"rendered":"https:\/\/hachazuela.com\/sobre-nosotros\/"},"modified":"2023-12-13T12:27:13","modified_gmt":"2023-12-13T11:27:13","slug":"sobre-hachazuela","status":"publish","type":"page","link":"https:\/\/hachazuela.com\/ca\/sobre-hachazuela\/","title":{"rendered":"Sobre HachAzuela"},"content":{"rendered":"<style>.kb-row-layout-id8350_dcee78-c7 > .kt-row-column-wrap{align-content:start;}:where(.kb-row-layout-id8350_dcee78-c7 > .kt-row-column-wrap) > .wp-block-kadence-column{justify-content:start;}.kb-row-layout-id8350_dcee78-c7 > .kt-row-column-wrap{column-gap:var(--global-kb-gap-md, 2rem);row-gap:var(--global-kb-gap-md, 2rem);padding-top:0px;padding-bottom:0px;grid-template-columns:minmax(0, 1fr);}.kb-row-layout-id8350_dcee78-c7 > .kt-row-layout-overlay{opacity:0.30;}@media all and (max-width: 1024px){.kb-row-layout-id8350_dcee78-c7 > .kt-row-column-wrap{grid-template-columns:minmax(0, 1fr);}}@media all and (max-width: 767px){.kb-row-layout-id8350_dcee78-c7 > .kt-row-column-wrap{grid-template-columns:minmax(0, 1fr);}}<\/style><div class=\"kb-row-layout-wrap kb-row-layout-id8350_dcee78-c7 alignnone entry-header-coleccion wp-block-kadence-rowlayout\"><div class=\"kt-row-column-wrap kt-has-1-columns kt-row-layout-equal kt-tab-layout-inherit kt-mobile-layout-row kt-row-valign-top\">\n<style>.kadence-column8350_19e59c-fe > .kt-inside-inner-col,.kadence-column8350_19e59c-fe > .kt-inside-inner-col:before{border-top-left-radius:0px;border-top-right-radius:0px;border-bottom-right-radius:0px;border-bottom-left-radius:0px;}.kadence-column8350_19e59c-fe > .kt-inside-inner-col{column-gap:var(--global-kb-gap-sm, 1rem);}.kadence-column8350_19e59c-fe > .kt-inside-inner-col{flex-direction:column;}.kadence-column8350_19e59c-fe > .kt-inside-inner-col > .aligncenter{width:100%;}.kadence-column8350_19e59c-fe > .kt-inside-inner-col:before{opacity:0.3;}.kadence-column8350_19e59c-fe{position:relative;}@media all and (max-width: 1024px){.kadence-column8350_19e59c-fe > .kt-inside-inner-col{flex-direction:column;justify-content:center;}}@media all and (max-width: 767px){.kadence-column8350_19e59c-fe > .kt-inside-inner-col{flex-direction:column;justify-content:center;}}<\/style>\n<div class=\"wp-block-kadence-column kadence-column8350_19e59c-fe\"><div class=\"kt-inside-inner-col\">\n<nav class=\"woocommerce-breadcrumb\"><a href=\"https:\/\/hachazuela.com\/ca\/nosaltres\/\">Nosaltres<\/a><\/nav>\n\n\n<h1 class=\"coleccion wp-block-post-title\">Sobre HachAzuela<\/h1><\/div><\/div>\n\n<\/div><\/div>\n\n<style>.kb-row-layout-wrap.wp-block-kadence-rowlayout.kb-row-layout-id8578_04a3b0-62{margin-bottom:45px;}.kb-row-layout-id8578_04a3b0-62 > .kt-row-column-wrap{align-content:start;}:where(.kb-row-layout-id8578_04a3b0-62 > .kt-row-column-wrap) > .wp-block-kadence-column{justify-content:start;}.kb-row-layout-id8578_04a3b0-62 > .kt-row-column-wrap{column-gap:var(--global-kb-gap-md, 2rem);row-gap:var(--global-kb-gap-md, 2rem);padding-top:0px;padding-bottom:0px;min-height:1000px;grid-template-columns:minmax(0, 1fr);}.kb-row-layout-id8578_04a3b0-62{background-image:url('https:\/\/hachazuela.com\/wp-content\/uploads\/2023\/09\/header-about.webp');background-size:cover;background-position:50% 50%;background-attachment:fixed;background-repeat:no-repeat;}.kb-row-layout-id8578_04a3b0-62 > .kt-row-layout-overlay{opacity:0.30;}@media all and (max-width: 1024px), only screen and (min-device-width: 1024px) and (max-device-width: 1366px) and (-webkit-min-device-pixel-ratio: 2) and (hover: none){.kb-row-layout-id8578_04a3b0-62{background-attachment:scroll;}}@media all and (max-width: 1024px){.kb-row-layout-id8578_04a3b0-62 > .kt-row-column-wrap{grid-template-columns:minmax(0, 1fr);}}@media all and (max-width: 767px){.kb-row-layout-id8578_04a3b0-62 > .kt-row-column-wrap{grid-template-columns:minmax(0, 1fr);}}<\/style><div class=\"kb-row-layout-wrap kb-row-layout-id8578_04a3b0-62 alignfull kt-row-has-bg animated fadeIn slower wp-block-kadence-rowlayout\"><div class=\"kt-row-column-wrap kt-has-1-columns kt-row-layout-equal kt-tab-layout-inherit kt-mobile-layout-row kt-row-valign-top\">\n<style>.kadence-column8578_eaeda5-ad > .kt-inside-inner-col,.kadence-column8578_eaeda5-ad > .kt-inside-inner-col:before{border-top-left-radius:0px;border-top-right-radius:0px;border-bottom-right-radius:0px;border-bottom-left-radius:0px;}.kadence-column8578_eaeda5-ad > .kt-inside-inner-col{column-gap:var(--global-kb-gap-sm, 1rem);}.kadence-column8578_eaeda5-ad > .kt-inside-inner-col{flex-direction:column;}.kadence-column8578_eaeda5-ad > .kt-inside-inner-col > .aligncenter{width:100%;}.kadence-column8578_eaeda5-ad > .kt-inside-inner-col:before{opacity:0.3;}.kadence-column8578_eaeda5-ad{position:relative;}@media all and (max-width: 1024px){.kadence-column8578_eaeda5-ad > .kt-inside-inner-col{flex-direction:column;justify-content:center;}}@media all and (max-width: 767px){.kadence-column8578_eaeda5-ad > .kt-inside-inner-col{flex-direction:column;justify-content:center;}}<\/style>\n<div class=\"wp-block-kadence-column kadence-column8578_eaeda5-ad\"><div class=\"kt-inside-inner-col\"><\/div><\/div>\n\n<\/div><\/div>\n\n<style>.kb-row-layout-id8578_a814d3-03 > .kt-row-column-wrap{align-content:start;}:where(.kb-row-layout-id8578_a814d3-03 > .kt-row-column-wrap) > .wp-block-kadence-column{justify-content:start;}.kb-row-layout-id8578_a814d3-03 > .kt-row-column-wrap{column-gap:0px;row-gap:var(--global-kb-gap-md, 2rem);padding-top:0px;padding-bottom:0px;grid-template-columns:repeat(2, minmax(0, 1fr));}.kb-row-layout-id8578_a814d3-03 > .kt-row-layout-overlay{opacity:0.30;}@media all and (max-width: 1024px){.kb-row-layout-id8578_a814d3-03 > .kt-row-column-wrap{grid-template-columns:repeat(2, minmax(0, 1fr));}}@media all and (max-width: 767px){.kb-row-layout-id8578_a814d3-03 > .kt-row-column-wrap{grid-template-columns:minmax(0, 1fr);}}<\/style><div class=\"kb-row-layout-wrap kb-row-layout-id8578_a814d3-03 alignnone intro--estatic wp-block-kadence-rowlayout\"><div class=\"kt-row-column-wrap kt-has-2-columns kt-row-layout-equal kt-tab-layout-inherit kt-mobile-layout-row kt-row-valign-top\">\n<style>.kadence-column8578_c93bcc-ec > .kt-inside-inner-col,.kadence-column8578_c93bcc-ec > .kt-inside-inner-col:before{border-top-left-radius:0px;border-top-right-radius:0px;border-bottom-right-radius:0px;border-bottom-left-radius:0px;}.kadence-column8578_c93bcc-ec > .kt-inside-inner-col{column-gap:var(--global-kb-gap-sm, 1rem);}.kadence-column8578_c93bcc-ec > .kt-inside-inner-col{flex-direction:column;}.kadence-column8578_c93bcc-ec > .kt-inside-inner-col > .aligncenter{width:100%;}.kadence-column8578_c93bcc-ec > .kt-inside-inner-col:before{opacity:0.3;}.kadence-column8578_c93bcc-ec{position:relative;}@media all and (max-width: 1024px){.kadence-column8578_c93bcc-ec > .kt-inside-inner-col{flex-direction:column;justify-content:center;}}@media all and (max-width: 767px){.kadence-column8578_c93bcc-ec > .kt-inside-inner-col{flex-direction:column;justify-content:center;}}<\/style>\n<div class=\"wp-block-kadence-column kadence-column8578_c93bcc-ec\"><div class=\"kt-inside-inner-col\"><style>.wp-block-kadence-advancedheading.kt-adv-heading8578_d73563-e9, .wp-block-kadence-advancedheading.kt-adv-heading8578_d73563-e9[data-kb-block=\"kb-adv-heading8578_d73563-e9\"]{font-style:normal;}.wp-block-kadence-advancedheading.kt-adv-heading8578_d73563-e9 mark.kt-highlight, .wp-block-kadence-advancedheading.kt-adv-heading8578_d73563-e9[data-kb-block=\"kb-adv-heading8578_d73563-e9\"] mark.kt-highlight{font-style:normal;color:#f76a0c;-webkit-box-decoration-break:clone;box-decoration-break:clone;padding-top:0px;padding-right:0px;padding-bottom:0px;padding-left:0px;}.wp-block-kadence-advancedheading.kt-adv-heading8578_d73563-e9 img.kb-inline-image, .wp-block-kadence-advancedheading.kt-adv-heading8578_d73563-e9[data-kb-block=\"kb-adv-heading8578_d73563-e9\"] img.kb-inline-image{width:150px;vertical-align:baseline;}<\/style>\n<h2 class=\"kt-adv-heading8578_d73563-e9 wp-block-kadence-advancedheading\" data-kb-block=\"kb-adv-heading8578_d73563-e9\">HachAzuela neix de l&#8217;admiraci\u00f3 per la natura, no hi ha res m\u00e9s original que ella mateixa.<\/h2>\n<\/div><\/div>\n\n\n<style>.kadence-column8578_5ec32c-84 > .kt-inside-inner-col,.kadence-column8578_5ec32c-84 > .kt-inside-inner-col:before{border-top-left-radius:0px;border-top-right-radius:0px;border-bottom-right-radius:0px;border-bottom-left-radius:0px;}.kadence-column8578_5ec32c-84 > .kt-inside-inner-col{column-gap:var(--global-kb-gap-sm, 1rem);}.kadence-column8578_5ec32c-84 > .kt-inside-inner-col{flex-direction:column;}.kadence-column8578_5ec32c-84 > .kt-inside-inner-col > .aligncenter{width:100%;}.kadence-column8578_5ec32c-84 > .kt-inside-inner-col:before{opacity:0.3;}.kadence-column8578_5ec32c-84{position:relative;}@media all and (max-width: 1024px){.kadence-column8578_5ec32c-84 > .kt-inside-inner-col{flex-direction:column;justify-content:center;}}@media all and (max-width: 767px){.kadence-column8578_5ec32c-84 > .kt-inside-inner-col{flex-direction:column;justify-content:center;}}<\/style>\n<div class=\"wp-block-kadence-column kadence-column8578_5ec32c-84\"><div class=\"kt-inside-inner-col\"><\/div><\/div>\n\n<\/div><\/div>\n\n<style>.kb-row-layout-id8578_4abcd7-ee > .kt-row-column-wrap{align-content:start;}:where(.kb-row-layout-id8578_4abcd7-ee > .kt-row-column-wrap) > .wp-block-kadence-column{justify-content:start;}.kb-row-layout-id8578_4abcd7-ee > .kt-row-column-wrap{column-gap:90px;row-gap:var(--global-kb-gap-md, 2rem);padding-top:0px;padding-bottom:0px;}.kb-row-layout-id8578_4abcd7-ee > .kt-row-column-wrap > div:not(.added-for-specificity){grid-column:initial;}.kb-row-layout-id8578_4abcd7-ee > .kt-row-column-wrap{grid-template-columns:minmax(0, 1fr) minmax(0, 2fr) minmax(0, 1fr);}.kb-row-layout-id8578_4abcd7-ee > .kt-row-layout-overlay{opacity:0.30;}@media all and (max-width: 1024px){.kb-row-layout-id8578_4abcd7-ee > .kt-row-column-wrap > div:not(.added-for-specificity){grid-column:initial;}}@media all and (max-width: 1024px){.kb-row-layout-id8578_4abcd7-ee > .kt-row-column-wrap{grid-template-columns:minmax(0, 1fr) minmax(0, 2fr) minmax(0, 1fr);}}@media all and (max-width: 767px){.kb-row-layout-id8578_4abcd7-ee > .kt-row-column-wrap > div:not(.added-for-specificity){grid-column:initial;}.kb-row-layout-id8578_4abcd7-ee > .kt-row-column-wrap{grid-template-columns:minmax(0, 1fr);}}<\/style><div class=\"kb-row-layout-wrap kb-row-layout-id8578_4abcd7-ee alignfull tricolumna--pagina--final sobre--nosotros wp-block-kadence-rowlayout\"><div class=\"kt-row-column-wrap kt-has-3-columns kt-row-layout-center-half kt-tab-layout-inherit kt-mobile-layout-row kt-row-valign-top\">\n<style>.kadence-column8578_5e4f55-f3 > .kt-inside-inner-col,.kadence-column8578_5e4f55-f3 > .kt-inside-inner-col:before{border-top-left-radius:0px;border-top-right-radius:0px;border-bottom-right-radius:0px;border-bottom-left-radius:0px;}.kadence-column8578_5e4f55-f3 > .kt-inside-inner-col{column-gap:var(--global-kb-gap-sm, 1rem);}.kadence-column8578_5e4f55-f3 > .kt-inside-inner-col{flex-direction:column;}.kadence-column8578_5e4f55-f3 > .kt-inside-inner-col > .aligncenter{width:100%;}.kadence-column8578_5e4f55-f3 > .kt-inside-inner-col:before{opacity:0.3;}.kadence-column8578_5e4f55-f3{position:relative;}@media all and (max-width: 1024px){.kadence-column8578_5e4f55-f3 > .kt-inside-inner-col{flex-direction:column;justify-content:center;}}@media all and (max-width: 767px){.kadence-column8578_5e4f55-f3 > .kt-inside-inner-col{flex-direction:column;justify-content:center;}}<\/style>\n<div class=\"wp-block-kadence-column kadence-column8578_5e4f55-f3 fila--foto--1\"><div class=\"kt-inside-inner-col\">\n<figure class=\"wp-block-image size-full animated fadeIn slower\"><img loading=\"lazy\" decoding=\"async\" width=\"807\" height=\"1080\" src=\"https:\/\/hachazuela.com\/wp-content\/uploads\/2023\/10\/sobre-nosotros-2.webp\" alt=\"HachAzuela\" class=\"wp-image-7794\" srcset=\"https:\/\/hachazuela.com\/wp-content\/uploads\/2023\/10\/sobre-nosotros-2.webp 807w, https:\/\/hachazuela.com\/wp-content\/uploads\/2023\/10\/sobre-nosotros-2-812x1087.webp 812w\" sizes=\"auto, (max-width: 807px) 100vw, 807px\" \/><\/figure>\n<\/div><\/div>\n\n\n<style>.kadence-column8578_c127f9-c3 > .kt-inside-inner-col,.kadence-column8578_c127f9-c3 > .kt-inside-inner-col:before{border-top-left-radius:0px;border-top-right-radius:0px;border-bottom-right-radius:0px;border-bottom-left-radius:0px;}.kadence-column8578_c127f9-c3 > .kt-inside-inner-col{column-gap:var(--global-kb-gap-sm, 1rem);}.kadence-column8578_c127f9-c3 > .kt-inside-inner-col{flex-direction:column;}.kadence-column8578_c127f9-c3 > .kt-inside-inner-col > .aligncenter{width:100%;}.kadence-column8578_c127f9-c3 > .kt-inside-inner-col:before{opacity:0.3;}.kadence-column8578_c127f9-c3{position:relative;}.kadence-column8578_c127f9-c3, .kt-inside-inner-col > .kadence-column8578_c127f9-c3:not(.specificity){margin-top:55px;}@media all and (max-width: 1024px){.kadence-column8578_c127f9-c3 > .kt-inside-inner-col{flex-direction:column;justify-content:center;}}@media all and (max-width: 767px){.kadence-column8578_c127f9-c3 > .kt-inside-inner-col{flex-direction:column;justify-content:center;}}<\/style>\n<div class=\"wp-block-kadence-column kadence-column8578_c127f9-c3 fila--contingut\"><div class=\"kt-inside-inner-col\">\n<p>Vam decidir apostar per la ciutat, concretament pel barri de Gr\u00e0cia, obrint el nostre espai. Som uns dels que vam fugir del barri del Born fa m\u00e9s de 20 anys, quan ens van envair amb firmes internacionals.<\/p>\n\n\n\n<p>Creiem que la millor manera de ser universals \u00e9s ser molt locals.<\/p>\n\n\n\n<p>La nostra mat\u00e8ria primera \u00e9s la <a href=\"https:\/\/hachazuela.com\/ca\/olivera\/\" class=\"ek-link\">fusta<\/a> i l&#8217;<a href=\"https:\/\/hachazuela.com\/ca\/alabastre\/\" class=\"ek-link\">alabastre<\/a>. Igual que no hi ha una veta, una branca o un tronc igual a un altre. Aconseguim que cada pe\u00e7a sigui \u00fanica i exclusiva.<\/p>\n\n\n<style>.wp-block-kadence-advancedheading.kt-adv-heading8578_46e4e2-1c, .wp-block-kadence-advancedheading.kt-adv-heading8578_46e4e2-1c[data-kb-block=\"kb-adv-heading8578_46e4e2-1c\"]{padding-bottom:30px;text-align:center;font-style:normal;}.wp-block-kadence-advancedheading.kt-adv-heading8578_46e4e2-1c mark.kt-highlight, .wp-block-kadence-advancedheading.kt-adv-heading8578_46e4e2-1c[data-kb-block=\"kb-adv-heading8578_46e4e2-1c\"] mark.kt-highlight{font-style:normal;color:#f76a0c;-webkit-box-decoration-break:clone;box-decoration-break:clone;padding-top:0px;padding-right:0px;padding-bottom:0px;padding-left:0px;}.wp-block-kadence-advancedheading.kt-adv-heading8578_46e4e2-1c img.kb-inline-image, .wp-block-kadence-advancedheading.kt-adv-heading8578_46e4e2-1c[data-kb-block=\"kb-adv-heading8578_46e4e2-1c\"] img.kb-inline-image{width:150px;vertical-align:baseline;}<\/style>\n<h3 class=\"kt-adv-heading8578_46e4e2-1c wp-block-kadence-advancedheading\" data-kb-block=\"kb-adv-heading8578_46e4e2-1c\">Tant la fusta com l&#8217;alabastre s\u00f3n de quil\u00f2metre zero, no els importem!<\/h3>\n\n\n\n<p>Al taller de HachAzuela, es realitzen <strong>objectes artesanals<\/strong> per a l&#8217;\u00fas diari combinant m\u00e8todes tradicionals, eines manuals senzilles i fusta de bosc sostenible.<\/p>\n\n\n\n<p>Controlem tot el proc\u00e9s de creaci\u00f3 des de la selecci\u00f3 del tronc, procedent de la poda anual dels camps de Tarragona, on tenim el taller del camp, l&#8217;execuci\u00f3 amb eines artesanals com l&#8217;herm, ganivet, ganivets, ganivets, limes, donant forma a cada objecte amb el temps requerit.<\/p>\n\n\n\n<p>Endinsar-nos en l&#8217;univers de l&#8217;artesania tradicional ens connecta amb un m\u00f3n gaireb\u00e9 oblidat, en qu\u00e8 els materials naturals i la bellesa de la senzillesa es fusionen per a crear objectes \u00fanics, fets amb amor i paci\u00e8ncia.<\/p>\n\n\n<style>.wp-block-kadence-advancedheading.kt-adv-heading8578_b80e33-5c, .wp-block-kadence-advancedheading.kt-adv-heading8578_b80e33-5c[data-kb-block=\"kb-adv-heading8578_b80e33-5c\"]{padding-bottom:30px;text-align:center;font-style:normal;}.wp-block-kadence-advancedheading.kt-adv-heading8578_b80e33-5c mark.kt-highlight, .wp-block-kadence-advancedheading.kt-adv-heading8578_b80e33-5c[data-kb-block=\"kb-adv-heading8578_b80e33-5c\"] mark.kt-highlight{font-style:normal;color:#f76a0c;-webkit-box-decoration-break:clone;box-decoration-break:clone;padding-top:0px;padding-right:0px;padding-bottom:0px;padding-left:0px;}.wp-block-kadence-advancedheading.kt-adv-heading8578_b80e33-5c img.kb-inline-image, .wp-block-kadence-advancedheading.kt-adv-heading8578_b80e33-5c[data-kb-block=\"kb-adv-heading8578_b80e33-5c\"] img.kb-inline-image{width:150px;vertical-align:baseline;}<\/style>\n<h3 class=\"kt-adv-heading8578_b80e33-5c wp-block-kadence-advancedheading\" data-kb-block=\"kb-adv-heading8578_b80e33-5c\">Ens anomenem &#8220;artesans de la fusta&#8221;, realitzem mobles a mida, objectes de decoraci\u00f3 i estris de cuina.<\/h3>\n\n\n\n<p>De la m\u00e0 de l&#8217;escultor <strong>Javier \u00dabeda<\/strong>, se li confereix car\u00e0cter \u00fanic a cada pe\u00e7a aconseguint que cada objecte o moble tingui aquesta diferenciaci\u00f3 tan especial, fugint de la r\u00e8plica.<\/p>\n\n\n\n<p>El nostre perfil de client, \u00e9s exigent, molt informat, coneixedor de les publicacions actuals i \u00e9s per aix\u00f2 que ens demana molt m\u00e9s que la pura funcionalitat (ens encanta perqu\u00e8 \u00e9s molt motivador). Creiem que \u00e9s fonamental tenir una connexi\u00f3 amb el client, poder con\u00e8ixer la persona a qui est\u00e0s fent un article que utilitzar\u00e0 cada dia, en forma de taula, prestatge, cullera, taula de tallar, tamboret, ll\u00e0ntia&#8230; \u00c9s realment especial!&#8221;<\/p>\n\n\n\n<div class=\"wp-block-buttons is-content-justification-left is-layout-flex wp-container-core-buttons-is-layout-fdcfc74e wp-block-buttons-is-layout-flex\">\n<div class=\"wp-block-button boton--texto\"><a class=\"wp-block-button__link wp-element-button\" href=\"https:\/\/hachazuela.com\/ca\/botiga-online\/\">Botiga online<\/a><\/div>\n<\/div>\n<\/div><\/div>\n\n\n<style>.kadence-column8578_3d97b6-95 > .kt-inside-inner-col,.kadence-column8578_3d97b6-95 > .kt-inside-inner-col:before{border-top-left-radius:0px;border-top-right-radius:0px;border-bottom-right-radius:0px;border-bottom-left-radius:0px;}.kadence-column8578_3d97b6-95 > .kt-inside-inner-col{column-gap:var(--global-kb-gap-sm, 1rem);}.kadence-column8578_3d97b6-95 > .kt-inside-inner-col{flex-direction:column;}.kadence-column8578_3d97b6-95 > .kt-inside-inner-col > .aligncenter{width:100%;}.kadence-column8578_3d97b6-95 > .kt-inside-inner-col:before{opacity:0.3;}.kadence-column8578_3d97b6-95{position:relative;}@media all and (max-width: 1024px){.kadence-column8578_3d97b6-95 > .kt-inside-inner-col{flex-direction:column;justify-content:center;}}@media all and (max-width: 767px){.kadence-column8578_3d97b6-95 > .kt-inside-inner-col{flex-direction:column;justify-content:center;}}<\/style>\n<div class=\"wp-block-kadence-column kadence-column8578_3d97b6-95 fila--foto--2\"><div class=\"kt-inside-inner-col\">\n<figure class=\"wp-block-image size-full animated fadeIn slower\"><img loading=\"lazy\" decoding=\"async\" width=\"807\" height=\"1080\" src=\"https:\/\/hachazuela.com\/wp-content\/uploads\/2023\/10\/sobre-nosotros-1.webp\" alt=\"HachAzuela\" class=\"wp-image-7793\" srcset=\"https:\/\/hachazuela.com\/wp-content\/uploads\/2023\/10\/sobre-nosotros-1.webp 807w, https:\/\/hachazuela.com\/wp-content\/uploads\/2023\/10\/sobre-nosotros-1-812x1087.webp 812w\" sizes=\"auto, (max-width: 807px) 100vw, 807px\" \/><\/figure>\n\n\n\n<figure class=\"wp-block-image size-full animated fadeIn slower\"><img loading=\"lazy\" decoding=\"async\" width=\"807\" height=\"1080\" src=\"https:\/\/hachazuela.com\/wp-content\/uploads\/2023\/10\/sobre-nosotros-3.webp\" alt=\"HachAzuela\" class=\"wp-image-7795\" srcset=\"https:\/\/hachazuela.com\/wp-content\/uploads\/2023\/10\/sobre-nosotros-3.webp 807w, https:\/\/hachazuela.com\/wp-content\/uploads\/2023\/10\/sobre-nosotros-3-812x1087.webp 812w\" sizes=\"auto, (max-width: 807px) 100vw, 807px\" \/><\/figure>\n<\/div><\/div>\n\n<\/div><\/div>","protected":false},"excerpt":{"rendered":"<p>HachAzuela neix de l&#8217;admiraci\u00f3 per la natura, no hi ha res m\u00e9s original que ella mateixa. Vam decidir apostar per la ciutat, concretament pel barri de Gr\u00e0cia, obrint el nostre espai. Som uns dels que vam fugir del barri del Born fa m\u00e9s de 20 anys, quan ens van envair amb firmes internacionals. Creiem que<a class=\"more-link\" href=\"https:\/\/hachazuela.com\/ca\/sobre-hachazuela\/\">Read more  &#10230;<\/a><\/p>\n","protected":false},"author":1,"featured_media":0,"parent":0,"menu_order":0,"comment_status":"closed","ping_status":"closed","template":"","meta":{"_editorskit_title_hidden":false,"_editorskit_reading_time":0,"_editorskit_is_block_options_detached":false,"_editorskit_block_options_position":"{}","inline_featured_image":false,"footnotes":""},"class_list":["post-8578","page","type-page","status-publish","hentry"],"featured_image_src":null,"featured_image_src_square":null,"_links":{"self":[{"href":"https:\/\/hachazuela.com\/ca\/wp-json\/wp\/v2\/pages\/8578","targetHints":{"allow":["GET"]}}],"collection":[{"href":"https:\/\/hachazuela.com\/ca\/wp-json\/wp\/v2\/pages"}],"about":[{"href":"https:\/\/hachazuela.com\/ca\/wp-json\/wp\/v2\/types\/page"}],"author":[{"embeddable":true,"href":"https:\/\/hachazuela.com\/ca\/wp-json\/wp\/v2\/users\/1"}],"replies":[{"embeddable":true,"href":"https:\/\/hachazuela.com\/ca\/wp-json\/wp\/v2\/comments?post=8578"}],"version-history":[{"count":3,"href":"https:\/\/hachazuela.com\/ca\/wp-json\/wp\/v2\/pages\/8578\/revisions"}],"predecessor-version":[{"id":10143,"href":"https:\/\/hachazuela.com\/ca\/wp-json\/wp\/v2\/pages\/8578\/revisions\/10143"}],"wp:attachment":[{"href":"https:\/\/hachazuela.com\/ca\/wp-json\/wp\/v2\/media?parent=8578"}],"curies":[{"name":"wp","href":"https:\/\/api.w.org\/{rel}","templated":true}]}}