{"id":8560,"date":"2023-10-06T15:49:04","date_gmt":"2023-10-06T13:49:04","guid":{"rendered":"https:\/\/hachazuela.com\/politica-cookies\/"},"modified":"2023-12-12T17:02:53","modified_gmt":"2023-12-12T16:02:53","slug":"politica-galetes","status":"publish","type":"page","link":"https:\/\/hachazuela.com\/ca\/politica-galetes\/","title":{"rendered":"Pol\u00edtica de galetes"},"content":{"rendered":"<style>.wp-block-kadence-spacer.kt-block-spacer-8560_8ceca1-9f .kt-block-spacer{height:45px;}.wp-block-kadence-spacer.kt-block-spacer-8560_8ceca1-9f .kt-divider{border-top-width:1px;height:1px;border-top-color:#eee;width:80%;border-top-style:solid;}<\/style>\n<div class=\"wp-block-kadence-spacer aligncenter kt-block-spacer-8560_8ceca1-9f\"><div class=\"kt-block-spacer kt-block-spacer-halign-center\"><\/div><\/div>\n\n\n<style>.kb-row-layout-id8560_96a2c2-55 > .kt-row-column-wrap{align-content:start;}:where(.kb-row-layout-id8560_96a2c2-55 > .kt-row-column-wrap) > .wp-block-kadence-column{justify-content:start;}.kb-row-layout-id8560_96a2c2-55 > .kt-row-column-wrap{column-gap:90px;row-gap:var(--global-kb-gap-md, 2rem);padding-top:0px;padding-bottom:0px;}.kb-row-layout-id8560_96a2c2-55 > .kt-row-column-wrap > div:not(.added-for-specificity){grid-column:initial;}.kb-row-layout-id8560_96a2c2-55 > .kt-row-column-wrap{grid-template-columns:minmax(0, 1fr) minmax(0, 2fr) minmax(0, 1fr);}.kb-row-layout-id8560_96a2c2-55 > .kt-row-layout-overlay{opacity:0.30;}@media all and (max-width: 1024px){.kb-row-layout-id8560_96a2c2-55 > .kt-row-column-wrap > div:not(.added-for-specificity){grid-column:initial;}}@media all and (max-width: 1024px){.kb-row-layout-id8560_96a2c2-55 > .kt-row-column-wrap{grid-template-columns:minmax(0, 1fr) minmax(0, 2fr) minmax(0, 1fr);}}@media all and (max-width: 767px){.kb-row-layout-id8560_96a2c2-55 > .kt-row-column-wrap > div:not(.added-for-specificity){grid-column:initial;}.kb-row-layout-id8560_96a2c2-55 > .kt-row-column-wrap{grid-template-columns:minmax(0, 1fr);}}<\/style><div class=\"kb-row-layout-wrap kb-row-layout-id8560_96a2c2-55 alignfull tricolumna--pagina--final wp-block-kadence-rowlayout\"><div class=\"kt-row-column-wrap kt-has-3-columns kt-row-layout-center-half kt-tab-layout-inherit kt-mobile-layout-row kt-row-valign-top\">\n<style>.kadence-column8560_98170d-21 > .kt-inside-inner-col,.kadence-column8560_98170d-21 > .kt-inside-inner-col:before{border-top-left-radius:0px;border-top-right-radius:0px;border-bottom-right-radius:0px;border-bottom-left-radius:0px;}.kadence-column8560_98170d-21 > .kt-inside-inner-col{column-gap:var(--global-kb-gap-sm, 1rem);}.kadence-column8560_98170d-21 > .kt-inside-inner-col{flex-direction:column;}.kadence-column8560_98170d-21 > .kt-inside-inner-col > .aligncenter{width:100%;}.kadence-column8560_98170d-21 > .kt-inside-inner-col:before{opacity:0.3;}.kadence-column8560_98170d-21{position:relative;}@media all and (max-width: 1024px){.kadence-column8560_98170d-21 > .kt-inside-inner-col{flex-direction:column;justify-content:center;}}@media all and (max-width: 767px){.kadence-column8560_98170d-21 > .kt-inside-inner-col{flex-direction:column;justify-content:center;}}<\/style>\n<div class=\"wp-block-kadence-column kadence-column8560_98170d-21 fila--foto--1\"><div class=\"kt-inside-inner-col\"><\/div><\/div>\n\n\n<style>.kadence-column8560_e1b69f-0b > .kt-inside-inner-col,.kadence-column8560_e1b69f-0b > .kt-inside-inner-col:before{border-top-left-radius:0px;border-top-right-radius:0px;border-bottom-right-radius:0px;border-bottom-left-radius:0px;}.kadence-column8560_e1b69f-0b > .kt-inside-inner-col{column-gap:var(--global-kb-gap-sm, 1rem);}.kadence-column8560_e1b69f-0b > .kt-inside-inner-col{flex-direction:column;}.kadence-column8560_e1b69f-0b > .kt-inside-inner-col > .aligncenter{width:100%;}.kadence-column8560_e1b69f-0b > .kt-inside-inner-col:before{opacity:0.3;}.kadence-column8560_e1b69f-0b{position:relative;}@media all and (max-width: 1024px){.kadence-column8560_e1b69f-0b > .kt-inside-inner-col{flex-direction:column;justify-content:center;}}@media all and (max-width: 767px){.kadence-column8560_e1b69f-0b > .kt-inside-inner-col{flex-direction:column;justify-content:center;}}<\/style>\n<div class=\"wp-block-kadence-column kadence-column8560_e1b69f-0b fila--contingut\"><div class=\"kt-inside-inner-col\">\n<p>Aquesta Pol\u00edtica de Galetes explica qu\u00e8 s\u00f3n les galetes i com les utilitzem, els tipus de galetes que fem servir, \u00e9s a dir, la informaci\u00f3 que recopilem mitjan\u00e7ant les galetes i com s&#8217;utilitza aquesta informaci\u00f3, i com gestionar la configuraci\u00f3 de les galetes.<\/p>\n\n<h2>Qu\u00e8 s\u00f3n les galetes?<\/h2>\n\n<p>Les galetes s\u00f3n petits fitxers de text que s&#8217;utilitzen per emmagatzemar petites peces d&#8217;informaci\u00f3. Es guarden al teu dispositiu quan el lloc web es carrega al teu navegador. Aquestes galetes ens ajuden a fer que el lloc web funcioni correctament, fer-lo m\u00e9s segur, proporcionar una millor experi\u00e8ncia d&#8217;usuari, i entendre com es desempenya el lloc web, analitzant qu\u00e8 funciona i on cal millorar.<\/p>\n\n<h2>Com fem servir les galetes?<\/h2>\n\n<p>Com la majoria dels serveis en l\u00ednia, el nostre lloc web fa servir galetes de primera i tercera part per diversos fins. Les galetes de primera part s\u00f3n principalment necess\u00e0ries perqu\u00e8 el lloc web funcioni de la manera correcta i no recullen cap de les teves dades personals identificables.<\/p>\n\n<p>Les galetes de tercera part utilitzades al nostre lloc web tenen principalment la finalitat de comprendre com es desempenya el lloc web, com interactues amb el nostre lloc web, mantenir segurs els nostres serveis, proporcionar anuncis rellevants per a tu i, en definitiva, oferir-te una millor i millorada experi\u00e8ncia d&#8217;usuari, ajudant a accelerar les teves futures interaccions amb el nostre lloc web.<\/p>\n\n<h2>Tipus de galetes que fem servir<\/h2>\n\n<div class=\"cky-audit-table-element\"><\/div>\n\n<h2>Gestiona les prefer\u00e8ncies de galetes<\/h2>\n\n<a class=\"cky-banner-element\">Cookie Settings<\/a> <br\/>\n\n<p>Pots canviar les teves prefer\u00e8ncies de galetes en qualsevol moment fent clic al bot\u00f3 superior. Aix\u00f2 et permetr\u00e0 tornar a veure la pancarta de consentiment de galetes i canviar les teves prefer\u00e8ncies o retirar el teu consentiment immediatament.<\/p>\n\n<p>A m\u00e9s d&#8217;aix\u00f2, els diferents navegadors proporcionen diferents m\u00e8todes per bloquejar i eliminar les galetes utilitzades pels llocs web. Pots canviar la configuraci\u00f3 del teu navegador per bloquejar\/eliminar les galetes. A continuaci\u00f3, es mostren els enlla\u00e7os als documents de suport sobre com gestionar i eliminar les galetes dels principals navegadors web.<\/p>\n\n<p>Chrome: <a href=\"https:\/\/support.google.com\/accounts\/answer\/32050\" target=\"_blank\" rel=\"noopener\">https:\/\/support.google.com\/accounts\/answer\/32050<\/a><\/p>\n\n<p>Safari: <a href=\"https:\/\/support.apple.com\/en-in\/guide\/safari\/sfri11471\/mac\" target=\"_blank\" rel=\"noopener\">https:\/\/support.apple.com\/en-in\/guide\/safari\/sfri11471\/mac<\/a><\/p>\n\n<p>Firefox: <a href=\"https:\/\/support.mozilla.org\/en-US\/kb\/clear-cookies-and-site-data-firefox?redirectslug=delete-cookies-remove-info-websites-stored&#038;redirectlocale=en-US\" target=\"_blank\" rel=\"noopener\">https:\/\/support.mozilla.org\/en-US\/kb\/clear-cookies-and-site-data-firefox?redirectslug=delete-cookies-remove-info-websites-stored&#038;redirectlocale=en-US<\/a><\/p>\n\n<p>Internet Explorer: <a href=\"https:\/\/support.microsoft.com\/en-us\/topic\/how-to-delete-cookie-files-in-internet-explorer-bca9446f-d873-78de-77ba-d42645fa52fc\" target=\"_blank\" rel=\"noopener\">https:\/\/support.microsoft.com\/en-us\/topic\/how-to-delete-cookie-files-in-internet-explorer-bca9446f-d873-78de-77ba-d42645fa52fc<\/a><\/p>\n\n<p>Si utilitzes qualsevol altre navegador web, si us plau, visita els documents oficials de suport del teu navegador.<\/p>\n<\/div><\/div>\n\n\n<style>.kadence-column8560_5d1412-e8 > .kt-inside-inner-col,.kadence-column8560_5d1412-e8 > .kt-inside-inner-col:before{border-top-left-radius:0px;border-top-right-radius:0px;border-bottom-right-radius:0px;border-bottom-left-radius:0px;}.kadence-column8560_5d1412-e8 > .kt-inside-inner-col{column-gap:var(--global-kb-gap-sm, 1rem);}.kadence-column8560_5d1412-e8 > .kt-inside-inner-col{flex-direction:column;}.kadence-column8560_5d1412-e8 > .kt-inside-inner-col > .aligncenter{width:100%;}.kadence-column8560_5d1412-e8 > .kt-inside-inner-col:before{opacity:0.3;}.kadence-column8560_5d1412-e8{position:relative;}@media all and (max-width: 1024px){.kadence-column8560_5d1412-e8 > .kt-inside-inner-col{flex-direction:column;justify-content:center;}}@media all and (max-width: 767px){.kadence-column8560_5d1412-e8 > .kt-inside-inner-col{flex-direction:column;justify-content:center;}}<\/style>\n<div class=\"wp-block-kadence-column kadence-column8560_5d1412-e8 fila--foto--2\"><div class=\"kt-inside-inner-col\"><\/div><\/div>\n\n<\/div><\/div>","protected":false},"excerpt":{"rendered":"<p>Aquesta Pol\u00edtica de Galetes explica qu\u00e8 s\u00f3n les galetes i com les utilitzem, els tipus de galetes que fem servir, \u00e9s a dir, la informaci\u00f3 que recopilem mitjan\u00e7ant les galetes i com s&#8217;utilitza aquesta informaci\u00f3, i com gestionar la configuraci\u00f3 de les galetes. Qu\u00e8 s\u00f3n les galetes? Les galetes s\u00f3n petits fitxers de text que<a class=\"more-link\" href=\"https:\/\/hachazuela.com\/ca\/politica-galetes\/\">Read more  &#10230;<\/a><\/p>\n","protected":false},"author":1,"featured_media":0,"parent":0,"menu_order":0,"comment_status":"closed","ping_status":"closed","template":"","meta":{"_editorskit_title_hidden":false,"_editorskit_reading_time":0,"_editorskit_is_block_options_detached":false,"_editorskit_block_options_position":"{}","inline_featured_image":false,"footnotes":""},"class_list":["post-8560","page","type-page","status-publish","hentry"],"featured_image_src":null,"featured_image_src_square":null,"_links":{"self":[{"href":"https:\/\/hachazuela.com\/ca\/wp-json\/wp\/v2\/pages\/8560","targetHints":{"allow":["GET"]}}],"collection":[{"href":"https:\/\/hachazuela.com\/ca\/wp-json\/wp\/v2\/pages"}],"about":[{"href":"https:\/\/hachazuela.com\/ca\/wp-json\/wp\/v2\/types\/page"}],"author":[{"embeddable":true,"href":"https:\/\/hachazuela.com\/ca\/wp-json\/wp\/v2\/users\/1"}],"replies":[{"embeddable":true,"href":"https:\/\/hachazuela.com\/ca\/wp-json\/wp\/v2\/comments?post=8560"}],"version-history":[{"count":14,"href":"https:\/\/hachazuela.com\/ca\/wp-json\/wp\/v2\/pages\/8560\/revisions"}],"predecessor-version":[{"id":10070,"href":"https:\/\/hachazuela.com\/ca\/wp-json\/wp\/v2\/pages\/8560\/revisions\/10070"}],"wp:attachment":[{"href":"https:\/\/hachazuela.com\/ca\/wp-json\/wp\/v2\/media?parent=8560"}],"curies":[{"name":"wp","href":"https:\/\/api.w.org\/{rel}","templated":true}]}}