{"id":8552,"date":"2023-10-03T17:13:29","date_gmt":"2023-10-03T15:13:29","guid":{"rendered":"https:\/\/hachazuela.com\/olivo\/"},"modified":"2023-12-13T12:53:08","modified_gmt":"2023-12-13T11:53:08","slug":"olivera","status":"publish","type":"page","link":"https:\/\/hachazuela.com\/ca\/olivera\/","title":{"rendered":"Olivera"},"content":{"rendered":"<style>.kb-row-layout-id8345_ec323e-de > .kt-row-column-wrap{align-content:start;}:where(.kb-row-layout-id8345_ec323e-de > .kt-row-column-wrap) > .wp-block-kadence-column{justify-content:start;}.kb-row-layout-id8345_ec323e-de > .kt-row-column-wrap{column-gap:var(--global-kb-gap-md, 2rem);row-gap:var(--global-kb-gap-md, 2rem);padding-top:0px;padding-bottom:0px;grid-template-columns:minmax(0, 1fr);}.kb-row-layout-id8345_ec323e-de > .kt-row-layout-overlay{opacity:0.30;}@media all and (max-width: 1024px){.kb-row-layout-id8345_ec323e-de > .kt-row-column-wrap{grid-template-columns:minmax(0, 1fr);}}@media all and (max-width: 767px){.kb-row-layout-id8345_ec323e-de > .kt-row-column-wrap{grid-template-columns:minmax(0, 1fr);}}<\/style><div class=\"kb-row-layout-wrap kb-row-layout-id8345_ec323e-de alignnone entry-header-coleccion pagina--final wp-block-kadence-rowlayout\"><div class=\"kt-row-column-wrap kt-has-1-columns kt-row-layout-equal kt-tab-layout-inherit kt-mobile-layout-row kt-row-valign-top\">\n<style>.kadence-column8345_2f9306-89 > .kt-inside-inner-col,.kadence-column8345_2f9306-89 > .kt-inside-inner-col:before{border-top-left-radius:0px;border-top-right-radius:0px;border-bottom-right-radius:0px;border-bottom-left-radius:0px;}.kadence-column8345_2f9306-89 > .kt-inside-inner-col{column-gap:var(--global-kb-gap-sm, 1rem);}.kadence-column8345_2f9306-89 > .kt-inside-inner-col{flex-direction:column;}.kadence-column8345_2f9306-89 > .kt-inside-inner-col > .aligncenter{width:100%;}.kadence-column8345_2f9306-89 > .kt-inside-inner-col:before{opacity:0.3;}.kadence-column8345_2f9306-89{position:relative;}@media all and (max-width: 1024px){.kadence-column8345_2f9306-89 > .kt-inside-inner-col{flex-direction:column;justify-content:center;}}@media all and (max-width: 767px){.kadence-column8345_2f9306-89 > .kt-inside-inner-col{flex-direction:column;justify-content:center;}}<\/style>\n<div class=\"wp-block-kadence-column kadence-column8345_2f9306-89\"><div class=\"kt-inside-inner-col\">\n<nav class=\"woocommerce-breadcrumb\"><a href=\"https:\/\/hachazuela.com\/ca\/nosaltres\/\">Nosaltres<\/a> \/ <a href=\"https:\/\/hachazuela.com\/ca\/materials\/\">Materials<\/a><\/nav>\n\n\n<h1 class=\"coleccion wp-block-post-title\">Olivera<\/h1><\/div><\/div>\n\n<\/div><\/div>\n\n<style>.kb-row-layout-wrap.wp-block-kadence-rowlayout.kb-row-layout-id8552_e3781f-f2{margin-bottom:45px;}.kb-row-layout-id8552_e3781f-f2 > .kt-row-column-wrap{align-content:start;}:where(.kb-row-layout-id8552_e3781f-f2 > .kt-row-column-wrap) > .wp-block-kadence-column{justify-content:start;}.kb-row-layout-id8552_e3781f-f2 > .kt-row-column-wrap{column-gap:var(--global-kb-gap-md, 2rem);row-gap:var(--global-kb-gap-md, 2rem);padding-top:0px;padding-bottom:0px;min-height:1000px;grid-template-columns:minmax(0, 1fr);}.kb-row-layout-id8552_e3781f-f2{background-image:url('https:\/\/hachazuela.com\/wp-content\/uploads\/2023\/09\/header-olivo.webp');background-size:cover;background-position:50% 50%;background-attachment:fixed;background-repeat:no-repeat;}.kb-row-layout-id8552_e3781f-f2 > .kt-row-layout-overlay{opacity:0.30;}@media all and (max-width: 1024px), only screen and (min-device-width: 1024px) and (max-device-width: 1366px) and (-webkit-min-device-pixel-ratio: 2) and (hover: none){.kb-row-layout-id8552_e3781f-f2{background-attachment:scroll;}}@media all and (max-width: 1024px){.kb-row-layout-id8552_e3781f-f2 > .kt-row-column-wrap{grid-template-columns:minmax(0, 1fr);}}@media all and (max-width: 767px){.kb-row-layout-id8552_e3781f-f2 > .kt-row-column-wrap{grid-template-columns:minmax(0, 1fr);}}<\/style><div class=\"kb-row-layout-wrap kb-row-layout-id8552_e3781f-f2 alignfull kt-row-has-bg animated fadeIn slower wp-block-kadence-rowlayout\"><div class=\"kt-row-column-wrap kt-has-1-columns kt-row-layout-equal kt-tab-layout-inherit kt-mobile-layout-row kt-row-valign-top\">\n<style>.kadence-column8552_5dbe5f-44 > .kt-inside-inner-col,.kadence-column8552_5dbe5f-44 > .kt-inside-inner-col:before{border-top-left-radius:0px;border-top-right-radius:0px;border-bottom-right-radius:0px;border-bottom-left-radius:0px;}.kadence-column8552_5dbe5f-44 > .kt-inside-inner-col{column-gap:var(--global-kb-gap-sm, 1rem);}.kadence-column8552_5dbe5f-44 > .kt-inside-inner-col{flex-direction:column;}.kadence-column8552_5dbe5f-44 > .kt-inside-inner-col > .aligncenter{width:100%;}.kadence-column8552_5dbe5f-44 > .kt-inside-inner-col:before{opacity:0.3;}.kadence-column8552_5dbe5f-44{position:relative;}@media all and (max-width: 1024px){.kadence-column8552_5dbe5f-44 > .kt-inside-inner-col{flex-direction:column;justify-content:center;}}@media all and (max-width: 767px){.kadence-column8552_5dbe5f-44 > .kt-inside-inner-col{flex-direction:column;justify-content:center;}}<\/style>\n<div class=\"wp-block-kadence-column kadence-column8552_5dbe5f-44\"><div class=\"kt-inside-inner-col\"><\/div><\/div>\n\n<\/div><\/div>\n\n<style>.kb-row-layout-id8552_016073-e2 > .kt-row-column-wrap{align-content:start;}:where(.kb-row-layout-id8552_016073-e2 > .kt-row-column-wrap) > .wp-block-kadence-column{justify-content:start;}.kb-row-layout-id8552_016073-e2 > .kt-row-column-wrap{column-gap:0px;row-gap:var(--global-kb-gap-md, 2rem);padding-top:0px;padding-bottom:0px;grid-template-columns:repeat(2, minmax(0, 1fr));}.kb-row-layout-id8552_016073-e2 > .kt-row-layout-overlay{opacity:0.30;}@media all and (max-width: 1024px){.kb-row-layout-id8552_016073-e2 > .kt-row-column-wrap{grid-template-columns:repeat(2, minmax(0, 1fr));}}@media all and (max-width: 767px){.kb-row-layout-id8552_016073-e2 > .kt-row-column-wrap{grid-template-columns:minmax(0, 1fr);}}<\/style><div class=\"kb-row-layout-wrap kb-row-layout-id8552_016073-e2 alignnone intro--estatic wp-block-kadence-rowlayout\"><div class=\"kt-row-column-wrap kt-has-2-columns kt-row-layout-equal kt-tab-layout-inherit kt-mobile-layout-row kt-row-valign-top\">\n<style>.kadence-column8552_f2c180-5a > .kt-inside-inner-col,.kadence-column8552_f2c180-5a > .kt-inside-inner-col:before{border-top-left-radius:0px;border-top-right-radius:0px;border-bottom-right-radius:0px;border-bottom-left-radius:0px;}.kadence-column8552_f2c180-5a > .kt-inside-inner-col{column-gap:var(--global-kb-gap-sm, 1rem);}.kadence-column8552_f2c180-5a > .kt-inside-inner-col{flex-direction:column;}.kadence-column8552_f2c180-5a > .kt-inside-inner-col > .aligncenter{width:100%;}.kadence-column8552_f2c180-5a > .kt-inside-inner-col:before{opacity:0.3;}.kadence-column8552_f2c180-5a{position:relative;}@media all and (max-width: 1024px){.kadence-column8552_f2c180-5a > .kt-inside-inner-col{flex-direction:column;justify-content:center;}}@media all and (max-width: 767px){.kadence-column8552_f2c180-5a > .kt-inside-inner-col{flex-direction:column;justify-content:center;}}<\/style>\n<div class=\"wp-block-kadence-column kadence-column8552_f2c180-5a\"><div class=\"kt-inside-inner-col\"><style>.wp-block-kadence-advancedheading.kt-adv-heading8552_87c0de-8c, .wp-block-kadence-advancedheading.kt-adv-heading8552_87c0de-8c[data-kb-block=\"kb-adv-heading8552_87c0de-8c\"]{font-style:normal;}.wp-block-kadence-advancedheading.kt-adv-heading8552_87c0de-8c mark.kt-highlight, .wp-block-kadence-advancedheading.kt-adv-heading8552_87c0de-8c[data-kb-block=\"kb-adv-heading8552_87c0de-8c\"] mark.kt-highlight{font-style:normal;color:#f76a0c;-webkit-box-decoration-break:clone;box-decoration-break:clone;padding-top:0px;padding-right:0px;padding-bottom:0px;padding-left:0px;}.wp-block-kadence-advancedheading.kt-adv-heading8552_87c0de-8c img.kb-inline-image, .wp-block-kadence-advancedheading.kt-adv-heading8552_87c0de-8c[data-kb-block=\"kb-adv-heading8552_87c0de-8c\"] img.kb-inline-image{width:150px;vertical-align:baseline;}<\/style>\n<h2 class=\"kt-adv-heading8552_87c0de-8c wp-block-kadence-advancedheading\" data-kb-block=\"kb-adv-heading8552_87c0de-8c\">L&#8217;olivera \u00e9s una de les fustes m\u00e9s dures que existeixen, sostenible, aut\u00f2ctona i de gran durabilitat.<\/h2>\n<\/div><\/div>\n\n\n<style>.kadence-column8552_6cec42-e9 > .kt-inside-inner-col,.kadence-column8552_6cec42-e9 > .kt-inside-inner-col:before{border-top-left-radius:0px;border-top-right-radius:0px;border-bottom-right-radius:0px;border-bottom-left-radius:0px;}.kadence-column8552_6cec42-e9 > .kt-inside-inner-col{column-gap:var(--global-kb-gap-sm, 1rem);}.kadence-column8552_6cec42-e9 > .kt-inside-inner-col{flex-direction:column;}.kadence-column8552_6cec42-e9 > .kt-inside-inner-col > .aligncenter{width:100%;}.kadence-column8552_6cec42-e9 > .kt-inside-inner-col:before{opacity:0.3;}.kadence-column8552_6cec42-e9{position:relative;}@media all and (max-width: 1024px){.kadence-column8552_6cec42-e9 > .kt-inside-inner-col{flex-direction:column;justify-content:center;}}@media all and (max-width: 767px){.kadence-column8552_6cec42-e9 > .kt-inside-inner-col{flex-direction:column;justify-content:center;}}<\/style>\n<div class=\"wp-block-kadence-column kadence-column8552_6cec42-e9\"><div class=\"kt-inside-inner-col\"><\/div><\/div>\n\n<\/div><\/div>\n\n<style>.kb-row-layout-id8552_0bba03-8f > .kt-row-column-wrap{align-content:start;}:where(.kb-row-layout-id8552_0bba03-8f > .kt-row-column-wrap) > .wp-block-kadence-column{justify-content:start;}.kb-row-layout-id8552_0bba03-8f > .kt-row-column-wrap{column-gap:90px;row-gap:var(--global-kb-gap-md, 2rem);padding-top:0px;padding-bottom:0px;}.kb-row-layout-id8552_0bba03-8f > .kt-row-column-wrap > div:not(.added-for-specificity){grid-column:initial;}.kb-row-layout-id8552_0bba03-8f > .kt-row-column-wrap{grid-template-columns:minmax(0, 1fr) minmax(0, 2fr) minmax(0, 1fr);}.kb-row-layout-id8552_0bba03-8f > .kt-row-layout-overlay{opacity:0.30;}@media all and (max-width: 1024px){.kb-row-layout-id8552_0bba03-8f > .kt-row-column-wrap > div:not(.added-for-specificity){grid-column:initial;}}@media all and (max-width: 1024px){.kb-row-layout-id8552_0bba03-8f > .kt-row-column-wrap{grid-template-columns:minmax(0, 1fr) minmax(0, 2fr) minmax(0, 1fr);}}@media all and (max-width: 767px){.kb-row-layout-id8552_0bba03-8f > .kt-row-column-wrap > div:not(.added-for-specificity){grid-column:initial;}.kb-row-layout-id8552_0bba03-8f > .kt-row-column-wrap{grid-template-columns:minmax(0, 1fr);}}<\/style><div class=\"kb-row-layout-wrap kb-row-layout-id8552_0bba03-8f alignfull tricolumna--pagina--final wp-block-kadence-rowlayout\"><div class=\"kt-row-column-wrap kt-has-3-columns kt-row-layout-center-half kt-tab-layout-inherit kt-mobile-layout-row kt-row-valign-top\">\n<style>.kadence-column8552_fce255-f6 > .kt-inside-inner-col,.kadence-column8552_fce255-f6 > .kt-inside-inner-col:before{border-top-left-radius:0px;border-top-right-radius:0px;border-bottom-right-radius:0px;border-bottom-left-radius:0px;}.kadence-column8552_fce255-f6 > .kt-inside-inner-col{column-gap:var(--global-kb-gap-sm, 1rem);}.kadence-column8552_fce255-f6 > .kt-inside-inner-col{flex-direction:column;}.kadence-column8552_fce255-f6 > .kt-inside-inner-col > .aligncenter{width:100%;}.kadence-column8552_fce255-f6 > .kt-inside-inner-col:before{opacity:0.3;}.kadence-column8552_fce255-f6{position:relative;}@media all and (max-width: 1024px){.kadence-column8552_fce255-f6 > .kt-inside-inner-col{flex-direction:column;justify-content:center;}}@media all and (max-width: 767px){.kadence-column8552_fce255-f6 > .kt-inside-inner-col{flex-direction:column;justify-content:center;}}<\/style>\n<div class=\"wp-block-kadence-column kadence-column8552_fce255-f6 fila--foto--1\"><div class=\"kt-inside-inner-col\">\n<figure class=\"wp-block-image size-full animated fadeIn slower\"><img loading=\"lazy\" decoding=\"async\" width=\"844\" height=\"1130\" src=\"https:\/\/hachazuela.com\/wp-content\/uploads\/2023\/10\/olivo-1.webp\" alt=\"Olivera\" class=\"wp-image-7777\" srcset=\"https:\/\/hachazuela.com\/wp-content\/uploads\/2023\/10\/olivo-1.webp 844w, https:\/\/hachazuela.com\/wp-content\/uploads\/2023\/10\/olivo-1-812x1087.webp 812w\" sizes=\"auto, (max-width: 844px) 100vw, 844px\" \/><\/figure>\n<\/div><\/div>\n\n\n<style>.kadence-column8552_c9d88c-1e > .kt-inside-inner-col,.kadence-column8552_c9d88c-1e > .kt-inside-inner-col:before{border-top-left-radius:0px;border-top-right-radius:0px;border-bottom-right-radius:0px;border-bottom-left-radius:0px;}.kadence-column8552_c9d88c-1e > .kt-inside-inner-col{column-gap:var(--global-kb-gap-sm, 1rem);}.kadence-column8552_c9d88c-1e > .kt-inside-inner-col{flex-direction:column;}.kadence-column8552_c9d88c-1e > .kt-inside-inner-col > .aligncenter{width:100%;}.kadence-column8552_c9d88c-1e > .kt-inside-inner-col:before{opacity:0.3;}.kadence-column8552_c9d88c-1e{position:relative;}.kadence-column8552_c9d88c-1e, .kt-inside-inner-col > .kadence-column8552_c9d88c-1e:not(.specificity){margin-top:55px;}@media all and (max-width: 1024px){.kadence-column8552_c9d88c-1e > .kt-inside-inner-col{flex-direction:column;justify-content:center;}}@media all and (max-width: 767px){.kadence-column8552_c9d88c-1e > .kt-inside-inner-col{flex-direction:column;justify-content:center;}}<\/style>\n<div class=\"wp-block-kadence-column kadence-column8552_c9d88c-1e fila--contingut\"><div class=\"kt-inside-inner-col\">\n<p>Les fustes les talletem com a taulons de diferents gruixos i les deixem assecar. La seva utilitat la dediquem a fer taules, tauletes, taules de tallar, morters i estris de cuina.<\/p>\n\n\n\n<p>Propietats de la fusta d&#8217;olivera:<\/p>\n\n\n\n<ul class=\"wp-block-list\">\n<li>Fusta noble i contempor\u00e0nia <\/li>\n\n\n\n<li>Sostenible, ja que prov\u00e9 de la poda anual de les finques r\u00fastiques<\/li>\n\n\n\n<li>Duresa, un 30% m\u00e9s que la del roure<\/li>\n\n\n\n<li>Alta densitat, 960 kg\/m3<\/li>\n\n\n\n<li>Antimicrobiana<\/li>\n\n\n\n<li>Verge \u00fanica i espectacular<\/li>\n\n\n\n<li>Gran valor est\u00e8tic<\/li>\n\n\n\n<li>Tacte agradable<\/li>\n<\/ul>\n\n\n<style>.wp-block-kadence-advancedheading.kt-adv-heading8552_848518-b1, .wp-block-kadence-advancedheading.kt-adv-heading8552_848518-b1[data-kb-block=\"kb-adv-heading8552_848518-b1\"]{font-style:normal;}.wp-block-kadence-advancedheading.kt-adv-heading8552_848518-b1 mark.kt-highlight, .wp-block-kadence-advancedheading.kt-adv-heading8552_848518-b1[data-kb-block=\"kb-adv-heading8552_848518-b1\"] mark.kt-highlight{font-style:normal;color:#f76a0c;-webkit-box-decoration-break:clone;box-decoration-break:clone;padding-top:0px;padding-right:0px;padding-bottom:0px;padding-left:0px;}.wp-block-kadence-advancedheading.kt-adv-heading8552_848518-b1 img.kb-inline-image, .wp-block-kadence-advancedheading.kt-adv-heading8552_848518-b1[data-kb-block=\"kb-adv-heading8552_848518-b1\"] img.kb-inline-image{width:150px;vertical-align:baseline;}<\/style>\n<h3 class=\"kt-adv-heading8552_848518-b1 wp-block-kadence-advancedheading\" data-kb-block=\"kb-adv-heading8552_848518-b1\">Especificacions<\/h3>\n\n\n\n<p>Cada pe\u00e7a est\u00e0 treballada a m\u00e0 i li donem un tractament amb oli vegetal.<\/p>\n\n\n\n<p>No n&#8217;hi ha cap igual a una altra, ja que mantenim la seva forma primitiva per respectar-ne la bellesa, la qual cosa s&#8217;ent\u00e9n com a vora r\u00fastica.<\/p>\n\n\n\n<p>Presentem cadascuna de les taules amb unes petites potes de goma per a una major estabilitat.<\/p>\n<\/div><\/div>\n\n\n<style>.kadence-column8552_703af6-06 > .kt-inside-inner-col,.kadence-column8552_703af6-06 > .kt-inside-inner-col:before{border-top-left-radius:0px;border-top-right-radius:0px;border-bottom-right-radius:0px;border-bottom-left-radius:0px;}.kadence-column8552_703af6-06 > .kt-inside-inner-col{column-gap:var(--global-kb-gap-sm, 1rem);}.kadence-column8552_703af6-06 > .kt-inside-inner-col{flex-direction:column;}.kadence-column8552_703af6-06 > .kt-inside-inner-col > .aligncenter{width:100%;}.kadence-column8552_703af6-06 > .kt-inside-inner-col:before{opacity:0.3;}.kadence-column8552_703af6-06{position:relative;}@media all and (max-width: 1024px){.kadence-column8552_703af6-06 > .kt-inside-inner-col{flex-direction:column;justify-content:center;}}@media all and (max-width: 767px){.kadence-column8552_703af6-06 > .kt-inside-inner-col{flex-direction:column;justify-content:center;}}<\/style>\n<div class=\"wp-block-kadence-column kadence-column8552_703af6-06 fila--foto--2\"><div class=\"kt-inside-inner-col\">\n<figure class=\"wp-block-image size-full animated fadeIn slower\"><img loading=\"lazy\" decoding=\"async\" width=\"844\" height=\"1130\" src=\"https:\/\/hachazuela.com\/wp-content\/uploads\/2023\/10\/olivo-2.webp\" alt=\"Olivera\" class=\"wp-image-7778\" srcset=\"https:\/\/hachazuela.com\/wp-content\/uploads\/2023\/10\/olivo-2.webp 844w, https:\/\/hachazuela.com\/wp-content\/uploads\/2023\/10\/olivo-2-812x1087.webp 812w\" sizes=\"auto, (max-width: 844px) 100vw, 844px\" \/><\/figure>\n\n\n\n<figure class=\"wp-block-image size-full animated fadeIn slower\"><img loading=\"lazy\" decoding=\"async\" width=\"844\" height=\"1130\" src=\"https:\/\/hachazuela.com\/wp-content\/uploads\/2023\/10\/olivo-3.webp\" alt=\"Olivera\" class=\"wp-image-7779\" srcset=\"https:\/\/hachazuela.com\/wp-content\/uploads\/2023\/10\/olivo-3.webp 844w, https:\/\/hachazuela.com\/wp-content\/uploads\/2023\/10\/olivo-3-812x1087.webp 812w\" sizes=\"auto, (max-width: 844px) 100vw, 844px\" \/><\/figure>\n<\/div><\/div>\n\n<\/div><\/div>","protected":false},"excerpt":{"rendered":"<p>L&#8217;olivera \u00e9s una de les fustes m\u00e9s dures que existeixen, sostenible, aut\u00f2ctona i de gran durabilitat. Les fustes les talletem com a taulons de diferents gruixos i les deixem assecar. La seva utilitat la dediquem a fer taules, tauletes, taules de tallar, morters i estris de cuina. Propietats de la fusta d&#8217;olivera: Especificacions Cada pe\u00e7a<a class=\"more-link\" href=\"https:\/\/hachazuela.com\/ca\/olivera\/\">Read more  &#10230;<\/a><\/p>\n","protected":false},"author":1,"featured_media":0,"parent":0,"menu_order":0,"comment_status":"closed","ping_status":"closed","template":"","meta":{"_editorskit_title_hidden":false,"_editorskit_reading_time":0,"_editorskit_is_block_options_detached":false,"_editorskit_block_options_position":"{}","inline_featured_image":false,"footnotes":""},"class_list":["post-8552","page","type-page","status-publish","hentry"],"featured_image_src":null,"featured_image_src_square":null,"_links":{"self":[{"href":"https:\/\/hachazuela.com\/ca\/wp-json\/wp\/v2\/pages\/8552","targetHints":{"allow":["GET"]}}],"collection":[{"href":"https:\/\/hachazuela.com\/ca\/wp-json\/wp\/v2\/pages"}],"about":[{"href":"https:\/\/hachazuela.com\/ca\/wp-json\/wp\/v2\/types\/page"}],"author":[{"embeddable":true,"href":"https:\/\/hachazuela.com\/ca\/wp-json\/wp\/v2\/users\/1"}],"replies":[{"embeddable":true,"href":"https:\/\/hachazuela.com\/ca\/wp-json\/wp\/v2\/comments?post=8552"}],"version-history":[{"count":2,"href":"https:\/\/hachazuela.com\/ca\/wp-json\/wp\/v2\/pages\/8552\/revisions"}],"predecessor-version":[{"id":10154,"href":"https:\/\/hachazuela.com\/ca\/wp-json\/wp\/v2\/pages\/8552\/revisions\/10154"}],"wp:attachment":[{"href":"https:\/\/hachazuela.com\/ca\/wp-json\/wp\/v2\/media?parent=8552"}],"curies":[{"name":"wp","href":"https:\/\/api.w.org\/{rel}","templated":true}]}}