{"id":8546,"date":"2019-12-12T10:39:38","date_gmt":"2019-12-12T09:39:38","guid":{"rendered":"https:\/\/hachazuela.com\/nosotros\/"},"modified":"2023-12-13T12:32:44","modified_gmt":"2023-12-13T11:32:44","slug":"nosaltres","status":"publish","type":"page","link":"https:\/\/hachazuela.com\/ca\/nosaltres\/","title":{"rendered":"Nosaltres"},"content":{"rendered":"<style>.wp-block-kadence-spacer.kt-block-spacer-8546_2298f3-df .kt-block-spacer{height:80px;}.wp-block-kadence-spacer.kt-block-spacer-8546_2298f3-df .kt-divider{border-top-width:1px;height:1px;border-top-color:#eee;width:80%;border-top-style:solid;}<\/style>\n<div class=\"wp-block-kadence-spacer aligncenter kt-block-spacer-8546_2298f3-df\"><div class=\"kt-block-spacer kt-block-spacer-halign-center\"><\/div><\/div>\n\n\n<style>.kb-row-layout-id8546_85cfce-62 > .kt-row-column-wrap{align-content:start;}:where(.kb-row-layout-id8546_85cfce-62 > .kt-row-column-wrap) > .wp-block-kadence-column{justify-content:start;}.kb-row-layout-id8546_85cfce-62 > .kt-row-column-wrap{column-gap:90px;row-gap:var(--global-kb-gap-md, 2rem);padding-top:0px;padding-bottom:0px;grid-template-columns:repeat(2, minmax(0, 1fr));}.kb-row-layout-id8546_85cfce-62 > .kt-row-layout-overlay{opacity:0.30;}@media all and (max-width: 1024px){.kb-row-layout-id8546_85cfce-62 > .kt-row-column-wrap{grid-template-columns:repeat(2, minmax(0, 1fr));}}@media all and (max-width: 767px){.kb-row-layout-id8546_85cfce-62 > .kt-row-column-wrap{grid-template-columns:minmax(0, 1fr);}}<\/style><div class=\"kb-row-layout-wrap kb-row-layout-id8546_85cfce-62 alignnone subhomes--nosotros wp-block-kadence-rowlayout\"><div class=\"kt-row-column-wrap kt-has-2-columns kt-row-layout-equal kt-tab-layout-inherit kt-mobile-layout-row kt-row-valign-top\">\n<style>.kadence-column8546_e949b1-d8 > .kt-inside-inner-col,.kadence-column8546_e949b1-d8 > .kt-inside-inner-col:before{border-top-left-radius:0px;border-top-right-radius:0px;border-bottom-right-radius:0px;border-bottom-left-radius:0px;}.kadence-column8546_e949b1-d8 > .kt-inside-inner-col{column-gap:var(--global-kb-gap-sm, 1rem);}.kadence-column8546_e949b1-d8 > .kt-inside-inner-col{flex-direction:column;}.kadence-column8546_e949b1-d8 > .kt-inside-inner-col > .aligncenter{width:100%;}.kadence-column8546_e949b1-d8 > .kt-inside-inner-col:before{opacity:0.3;}.kadence-column8546_e949b1-d8{position:relative;}@media all and (max-width: 1024px){.kadence-column8546_e949b1-d8 > .kt-inside-inner-col{flex-direction:column;justify-content:center;}}@media all and (max-width: 767px){.kadence-column8546_e949b1-d8 > .kt-inside-inner-col{flex-direction:column;justify-content:center;}}<\/style>\n<div class=\"wp-block-kadence-column kadence-column8546_e949b1-d8 animated fadeIn slower\"><div class=\"kt-inside-inner-col\">\n<div class=\"wp-block-cover\"><span aria-hidden=\"true\" class=\"wp-block-cover__background has-background-dim\"><\/span><img decoding=\"async\" class=\"wp-block-cover__image-background wp-image-7360\" alt=\"About\" src=\"https:\/\/hachazuela.com\/wp-content\/uploads\/2023\/09\/header-about.webp\" data-object-fit=\"cover\"\/><div class=\"wp-block-cover__inner-container is-layout-flow wp-block-cover-is-layout-flow\"><style>.wp-block-kadence-advancedheading.kt-adv-heading8546_fab7d4-2d, .wp-block-kadence-advancedheading.kt-adv-heading8546_fab7d4-2d[data-kb-block=\"kb-adv-heading8546_fab7d4-2d\"]{text-align:center;font-style:normal;}.wp-block-kadence-advancedheading.kt-adv-heading8546_fab7d4-2d mark.kt-highlight, .wp-block-kadence-advancedheading.kt-adv-heading8546_fab7d4-2d[data-kb-block=\"kb-adv-heading8546_fab7d4-2d\"] mark.kt-highlight{font-style:normal;color:#f76a0c;-webkit-box-decoration-break:clone;box-decoration-break:clone;padding-top:0px;padding-right:0px;padding-bottom:0px;padding-left:0px;}.wp-block-kadence-advancedheading.kt-adv-heading8546_fab7d4-2d img.kb-inline-image, .wp-block-kadence-advancedheading.kt-adv-heading8546_fab7d4-2d[data-kb-block=\"kb-adv-heading8546_fab7d4-2d\"] img.kb-inline-image{width:150px;vertical-align:baseline;}<\/style>\n<h2 class=\"kt-adv-heading8546_fab7d4-2d wp-block-kadence-advancedheading\" data-kb-block=\"kb-adv-heading8546_fab7d4-2d\">Sobre HachAzuela<\/h2>\n<\/div><\/div>\n\n\n<style>.wp-block-kadence-advancedheading.kt-adv-heading8546_23ed4a-f2, .wp-block-kadence-advancedheading.kt-adv-heading8546_23ed4a-f2[data-kb-block=\"kb-adv-heading8546_23ed4a-f2\"]{text-align:center;font-style:normal;}.wp-block-kadence-advancedheading.kt-adv-heading8546_23ed4a-f2 mark.kt-highlight, .wp-block-kadence-advancedheading.kt-adv-heading8546_23ed4a-f2[data-kb-block=\"kb-adv-heading8546_23ed4a-f2\"] mark.kt-highlight{font-style:normal;color:#f76a0c;-webkit-box-decoration-break:clone;box-decoration-break:clone;padding-top:0px;padding-right:0px;padding-bottom:0px;padding-left:0px;}.wp-block-kadence-advancedheading.kt-adv-heading8546_23ed4a-f2 img.kb-inline-image, .wp-block-kadence-advancedheading.kt-adv-heading8546_23ed4a-f2[data-kb-block=\"kb-adv-heading8546_23ed4a-f2\"] img.kb-inline-image{width:150px;vertical-align:baseline;}<\/style>\n<h3 class=\"kt-adv-heading8546_23ed4a-f2 wp-block-kadence-advancedheading\" data-kb-block=\"kb-adv-heading8546_23ed4a-f2\">HachAzuela neix de l&#8217;admiraci\u00f3 per la natura, ja que no hi ha res m\u00e9s original que ella mateixa.<\/h3>\n\n\n\n<div class=\"wp-block-buttons is-content-justification-center is-layout-flex wp-container-core-buttons-is-layout-16018d1d wp-block-buttons-is-layout-flex\">\n<div class=\"wp-block-button boton--texto\"><a class=\"wp-block-button__link wp-element-button\" href=\"https:\/\/hachazuela.com\/ca\/sobre-hachazuela\/\">Saber-ne m\u00e9s<\/a><\/div>\n<\/div>\n<\/div><\/div>\n\n\n<style>.kadence-column8546_ed4611-73 > .kt-inside-inner-col,.kadence-column8546_ed4611-73 > .kt-inside-inner-col:before{border-top-left-radius:0px;border-top-right-radius:0px;border-bottom-right-radius:0px;border-bottom-left-radius:0px;}.kadence-column8546_ed4611-73 > .kt-inside-inner-col{column-gap:var(--global-kb-gap-sm, 1rem);}.kadence-column8546_ed4611-73 > .kt-inside-inner-col{flex-direction:column;}.kadence-column8546_ed4611-73 > .kt-inside-inner-col > .aligncenter{width:100%;}.kadence-column8546_ed4611-73 > .kt-inside-inner-col:before{opacity:0.3;}.kadence-column8546_ed4611-73{position:relative;}@media all and (max-width: 1024px){.kadence-column8546_ed4611-73 > .kt-inside-inner-col{flex-direction:column;justify-content:center;}}@media all and (max-width: 767px){.kadence-column8546_ed4611-73 > .kt-inside-inner-col{flex-direction:column;justify-content:center;}}<\/style>\n<div class=\"wp-block-kadence-column kadence-column8546_ed4611-73 animated fadeIn delay-500ms slower\"><div class=\"kt-inside-inner-col\">\n<div class=\"wp-block-cover\"><span aria-hidden=\"true\" class=\"wp-block-cover__background has-background-dim\"><\/span><img decoding=\"async\" class=\"wp-block-cover__image-background wp-image-7362\" alt=\"Olivo\" src=\"https:\/\/hachazuela.com\/wp-content\/uploads\/2023\/09\/header-olivo.webp\" data-object-fit=\"cover\"\/><div class=\"wp-block-cover__inner-container is-layout-flow wp-block-cover-is-layout-flow\"><style>.wp-block-kadence-advancedheading.kt-adv-heading8546_131aa1-42, .wp-block-kadence-advancedheading.kt-adv-heading8546_131aa1-42[data-kb-block=\"kb-adv-heading8546_131aa1-42\"]{text-align:center;font-style:normal;}.wp-block-kadence-advancedheading.kt-adv-heading8546_131aa1-42 mark.kt-highlight, .wp-block-kadence-advancedheading.kt-adv-heading8546_131aa1-42[data-kb-block=\"kb-adv-heading8546_131aa1-42\"] mark.kt-highlight{font-style:normal;color:#f76a0c;-webkit-box-decoration-break:clone;box-decoration-break:clone;padding-top:0px;padding-right:0px;padding-bottom:0px;padding-left:0px;}.wp-block-kadence-advancedheading.kt-adv-heading8546_131aa1-42 img.kb-inline-image, .wp-block-kadence-advancedheading.kt-adv-heading8546_131aa1-42[data-kb-block=\"kb-adv-heading8546_131aa1-42\"] img.kb-inline-image{width:150px;vertical-align:baseline;}<\/style>\n<h2 class=\"kt-adv-heading8546_131aa1-42 wp-block-kadence-advancedheading\" data-kb-block=\"kb-adv-heading8546_131aa1-42\">Materials<\/h2>\n<\/div><\/div>\n\n\n<style>.wp-block-kadence-advancedheading.kt-adv-heading8546_3566b3-63, .wp-block-kadence-advancedheading.kt-adv-heading8546_3566b3-63[data-kb-block=\"kb-adv-heading8546_3566b3-63\"]{text-align:center;font-style:normal;}.wp-block-kadence-advancedheading.kt-adv-heading8546_3566b3-63 mark.kt-highlight, .wp-block-kadence-advancedheading.kt-adv-heading8546_3566b3-63[data-kb-block=\"kb-adv-heading8546_3566b3-63\"] mark.kt-highlight{font-style:normal;color:#f76a0c;-webkit-box-decoration-break:clone;box-decoration-break:clone;padding-top:0px;padding-right:0px;padding-bottom:0px;padding-left:0px;}.wp-block-kadence-advancedheading.kt-adv-heading8546_3566b3-63 img.kb-inline-image, .wp-block-kadence-advancedheading.kt-adv-heading8546_3566b3-63[data-kb-block=\"kb-adv-heading8546_3566b3-63\"] img.kb-inline-image{width:150px;vertical-align:baseline;}<\/style>\n<h3 class=\"kt-adv-heading8546_3566b3-63 wp-block-kadence-advancedheading\" data-kb-block=\"kb-adv-heading8546_3566b3-63\">Realitzem mobles a mida, objectes de decoraci\u00f3 i estris de cuina amb fusta i alabastre de quil\u00f2metre zero.<\/h3>\n\n\n\n<div class=\"wp-block-buttons is-content-justification-center is-layout-flex wp-container-core-buttons-is-layout-16018d1d wp-block-buttons-is-layout-flex\">\n<div class=\"wp-block-button boton--texto\"><a class=\"wp-block-button__link wp-element-button\" href=\"https:\/\/hachazuela.com\/ca\/materials\/\">Saber-ne m\u00e9s<\/a><\/div>\n<\/div>\n<\/div><\/div>\n\n<\/div><\/div>","protected":false},"excerpt":{"rendered":"<p>HachAzuela neix de l&#8217;admiraci\u00f3 per la natura, ja que no hi ha res m\u00e9s original que ella mateixa. Realitzem mobles a mida, objectes de decoraci\u00f3 i estris de cuina amb fusta i alabastre de quil\u00f2metre zero.<\/p>\n","protected":false},"author":1,"featured_media":0,"parent":0,"menu_order":0,"comment_status":"closed","ping_status":"closed","template":"","meta":{"_editorskit_title_hidden":false,"_editorskit_reading_time":0,"_editorskit_is_block_options_detached":false,"_editorskit_block_options_position":"{}","inline_featured_image":false,"footnotes":""},"class_list":["post-8546","page","type-page","status-publish","hentry"],"featured_image_src":null,"featured_image_src_square":null,"_links":{"self":[{"href":"https:\/\/hachazuela.com\/ca\/wp-json\/wp\/v2\/pages\/8546","targetHints":{"allow":["GET"]}}],"collection":[{"href":"https:\/\/hachazuela.com\/ca\/wp-json\/wp\/v2\/pages"}],"about":[{"href":"https:\/\/hachazuela.com\/ca\/wp-json\/wp\/v2\/types\/page"}],"author":[{"embeddable":true,"href":"https:\/\/hachazuela.com\/ca\/wp-json\/wp\/v2\/users\/1"}],"replies":[{"embeddable":true,"href":"https:\/\/hachazuela.com\/ca\/wp-json\/wp\/v2\/comments?post=8546"}],"version-history":[{"count":3,"href":"https:\/\/hachazuela.com\/ca\/wp-json\/wp\/v2\/pages\/8546\/revisions"}],"predecessor-version":[{"id":10148,"href":"https:\/\/hachazuela.com\/ca\/wp-json\/wp\/v2\/pages\/8546\/revisions\/10148"}],"wp:attachment":[{"href":"https:\/\/hachazuela.com\/ca\/wp-json\/wp\/v2\/media?parent=8546"}],"curies":[{"name":"wp","href":"https:\/\/api.w.org\/{rel}","templated":true}]}}