{"id":8539,"date":"2023-09-28T16:36:14","date_gmt":"2023-09-28T14:36:14","guid":{"rendered":"https:\/\/hachazuela.com\/materiales\/"},"modified":"2023-12-13T13:14:11","modified_gmt":"2023-12-13T12:14:11","slug":"materials","status":"publish","type":"page","link":"https:\/\/hachazuela.com\/ca\/materials\/","title":{"rendered":"Materials"},"content":{"rendered":"<style>.kb-row-layout-id8350_dcee78-c7 > .kt-row-column-wrap{align-content:start;}:where(.kb-row-layout-id8350_dcee78-c7 > .kt-row-column-wrap) > .wp-block-kadence-column{justify-content:start;}.kb-row-layout-id8350_dcee78-c7 > .kt-row-column-wrap{column-gap:var(--global-kb-gap-md, 2rem);row-gap:var(--global-kb-gap-md, 2rem);padding-top:0px;padding-bottom:0px;grid-template-columns:minmax(0, 1fr);}.kb-row-layout-id8350_dcee78-c7 > .kt-row-layout-overlay{opacity:0.30;}@media all and (max-width: 1024px){.kb-row-layout-id8350_dcee78-c7 > .kt-row-column-wrap{grid-template-columns:minmax(0, 1fr);}}@media all and (max-width: 767px){.kb-row-layout-id8350_dcee78-c7 > .kt-row-column-wrap{grid-template-columns:minmax(0, 1fr);}}<\/style><div class=\"kb-row-layout-wrap kb-row-layout-id8350_dcee78-c7 alignnone entry-header-coleccion wp-block-kadence-rowlayout\"><div class=\"kt-row-column-wrap kt-has-1-columns kt-row-layout-equal kt-tab-layout-inherit kt-mobile-layout-row kt-row-valign-top\">\n<style>.kadence-column8350_19e59c-fe > .kt-inside-inner-col,.kadence-column8350_19e59c-fe > .kt-inside-inner-col:before{border-top-left-radius:0px;border-top-right-radius:0px;border-bottom-right-radius:0px;border-bottom-left-radius:0px;}.kadence-column8350_19e59c-fe > .kt-inside-inner-col{column-gap:var(--global-kb-gap-sm, 1rem);}.kadence-column8350_19e59c-fe > .kt-inside-inner-col{flex-direction:column;}.kadence-column8350_19e59c-fe > .kt-inside-inner-col > .aligncenter{width:100%;}.kadence-column8350_19e59c-fe > .kt-inside-inner-col:before{opacity:0.3;}.kadence-column8350_19e59c-fe{position:relative;}@media all and (max-width: 1024px){.kadence-column8350_19e59c-fe > .kt-inside-inner-col{flex-direction:column;justify-content:center;}}@media all and (max-width: 767px){.kadence-column8350_19e59c-fe > .kt-inside-inner-col{flex-direction:column;justify-content:center;}}<\/style>\n<div class=\"wp-block-kadence-column kadence-column8350_19e59c-fe\"><div class=\"kt-inside-inner-col\">\n<nav class=\"woocommerce-breadcrumb\"><a href=\"https:\/\/hachazuela.com\/ca\/nosaltres\/\">Nosaltres<\/a><\/nav>\n\n\n<h1 class=\"coleccion wp-block-post-title\">Materials<\/h1><\/div><\/div>\n\n<\/div><\/div>\n\n<style>.kb-row-layout-id8539_5b67af-3d > .kt-row-column-wrap{align-content:start;}:where(.kb-row-layout-id8539_5b67af-3d > .kt-row-column-wrap) > .wp-block-kadence-column{justify-content:start;}.kb-row-layout-id8539_5b67af-3d > .kt-row-column-wrap{column-gap:90px;row-gap:var(--global-kb-gap-md, 2rem);padding-top:0px;padding-bottom:0px;grid-template-columns:repeat(2, minmax(0, 1fr));}.kb-row-layout-id8539_5b67af-3d > .kt-row-layout-overlay{opacity:0.30;}@media all and (max-width: 1024px){.kb-row-layout-id8539_5b67af-3d > .kt-row-column-wrap{grid-template-columns:repeat(2, minmax(0, 1fr));}}@media all and (max-width: 767px){.kb-row-layout-id8539_5b67af-3d > .kt-row-column-wrap{grid-template-columns:minmax(0, 1fr);}}<\/style><div class=\"kb-row-layout-wrap kb-row-layout-id8539_5b67af-3d alignnone subhomes--nosotros wp-block-kadence-rowlayout\"><div class=\"kt-row-column-wrap kt-has-2-columns kt-row-layout-equal kt-tab-layout-inherit kt-mobile-layout-row kt-row-valign-top\">\n<style>.kadence-column8539_52f4d9-72 > .kt-inside-inner-col,.kadence-column8539_52f4d9-72 > .kt-inside-inner-col:before{border-top-left-radius:0px;border-top-right-radius:0px;border-bottom-right-radius:0px;border-bottom-left-radius:0px;}.kadence-column8539_52f4d9-72 > .kt-inside-inner-col{column-gap:var(--global-kb-gap-sm, 1rem);}.kadence-column8539_52f4d9-72 > .kt-inside-inner-col{flex-direction:column;}.kadence-column8539_52f4d9-72 > .kt-inside-inner-col > .aligncenter{width:100%;}.kadence-column8539_52f4d9-72 > .kt-inside-inner-col:before{opacity:0.3;}.kadence-column8539_52f4d9-72{position:relative;}@media all and (max-width: 1024px){.kadence-column8539_52f4d9-72 > .kt-inside-inner-col{flex-direction:column;justify-content:center;}}@media all and (max-width: 767px){.kadence-column8539_52f4d9-72 > .kt-inside-inner-col{flex-direction:column;justify-content:center;}}<\/style>\n<div class=\"wp-block-kadence-column kadence-column8539_52f4d9-72 animated fadeIn slower\"><div class=\"kt-inside-inner-col\">\n<div class=\"wp-block-cover\"><span aria-hidden=\"true\" class=\"wp-block-cover__background has-background-dim\"><\/span><img decoding=\"async\" class=\"wp-block-cover__image-background wp-image-7362\" alt=\"Olivo\" src=\"https:\/\/hachazuela.com\/wp-content\/uploads\/2023\/09\/header-olivo.webp\" data-object-fit=\"cover\"\/><div class=\"wp-block-cover__inner-container is-layout-flow wp-block-cover-is-layout-flow\"><style>.wp-block-kadence-advancedheading.kt-adv-heading8539_4771c4-92, .wp-block-kadence-advancedheading.kt-adv-heading8539_4771c4-92[data-kb-block=\"kb-adv-heading8539_4771c4-92\"]{text-align:center;font-style:normal;}.wp-block-kadence-advancedheading.kt-adv-heading8539_4771c4-92 mark.kt-highlight, .wp-block-kadence-advancedheading.kt-adv-heading8539_4771c4-92[data-kb-block=\"kb-adv-heading8539_4771c4-92\"] mark.kt-highlight{font-style:normal;color:#f76a0c;-webkit-box-decoration-break:clone;box-decoration-break:clone;padding-top:0px;padding-right:0px;padding-bottom:0px;padding-left:0px;}.wp-block-kadence-advancedheading.kt-adv-heading8539_4771c4-92 img.kb-inline-image, .wp-block-kadence-advancedheading.kt-adv-heading8539_4771c4-92[data-kb-block=\"kb-adv-heading8539_4771c4-92\"] img.kb-inline-image{width:150px;vertical-align:baseline;}<\/style>\n<h2 class=\"kt-adv-heading8539_4771c4-92 wp-block-kadence-advancedheading\" data-kb-block=\"kb-adv-heading8539_4771c4-92\">Olivera<\/h2>\n<\/div><\/div>\n\n\n<style>.wp-block-kadence-advancedheading.kt-adv-heading8539_792be9-30, .wp-block-kadence-advancedheading.kt-adv-heading8539_792be9-30[data-kb-block=\"kb-adv-heading8539_792be9-30\"]{text-align:center;font-style:normal;}.wp-block-kadence-advancedheading.kt-adv-heading8539_792be9-30 mark.kt-highlight, .wp-block-kadence-advancedheading.kt-adv-heading8539_792be9-30[data-kb-block=\"kb-adv-heading8539_792be9-30\"] mark.kt-highlight{font-style:normal;color:#f76a0c;-webkit-box-decoration-break:clone;box-decoration-break:clone;padding-top:0px;padding-right:0px;padding-bottom:0px;padding-left:0px;}.wp-block-kadence-advancedheading.kt-adv-heading8539_792be9-30 img.kb-inline-image, .wp-block-kadence-advancedheading.kt-adv-heading8539_792be9-30[data-kb-block=\"kb-adv-heading8539_792be9-30\"] img.kb-inline-image{width:150px;vertical-align:baseline;}<\/style>\n<h3 class=\"kt-adv-heading8539_792be9-30 wp-block-kadence-advancedheading\" data-kb-block=\"kb-adv-heading8539_792be9-30\">\u00c9s una de les fustes m\u00e9s dures que existeixen, sostenible, aut\u00f2ctona i de gran durabilitat. Els troncs els serrem com a taulons de diferent gruix i els deixem assecar. El seu \u00fas el dediquem a fer taulells, sobres, taules, taules, morters i estris de cuina.<\/h3>\n\n\n\n<div class=\"wp-block-buttons is-content-justification-center is-layout-flex wp-container-core-buttons-is-layout-16018d1d wp-block-buttons-is-layout-flex\">\n<div class=\"wp-block-button boton--texto\"><a class=\"wp-block-button__link wp-element-button\" href=\"https:\/\/hachazuela.com\/ca\/olivera\/\">Saber-ne m\u00e9s<\/a><\/div>\n<\/div>\n<\/div><\/div>\n\n\n<style>.kadence-column8539_bb27ea-75 > .kt-inside-inner-col,.kadence-column8539_bb27ea-75 > .kt-inside-inner-col:before{border-top-left-radius:0px;border-top-right-radius:0px;border-bottom-right-radius:0px;border-bottom-left-radius:0px;}.kadence-column8539_bb27ea-75 > .kt-inside-inner-col{column-gap:var(--global-kb-gap-sm, 1rem);}.kadence-column8539_bb27ea-75 > .kt-inside-inner-col{flex-direction:column;}.kadence-column8539_bb27ea-75 > .kt-inside-inner-col > .aligncenter{width:100%;}.kadence-column8539_bb27ea-75 > .kt-inside-inner-col:before{opacity:0.3;}.kadence-column8539_bb27ea-75{position:relative;}@media all and (max-width: 1024px){.kadence-column8539_bb27ea-75 > .kt-inside-inner-col{flex-direction:column;justify-content:center;}}@media all and (max-width: 767px){.kadence-column8539_bb27ea-75 > .kt-inside-inner-col{flex-direction:column;justify-content:center;}}<\/style>\n<div class=\"wp-block-kadence-column kadence-column8539_bb27ea-75 animated fadeIn delay-500ms slower\"><div class=\"kt-inside-inner-col\">\n<div class=\"wp-block-cover\"><span aria-hidden=\"true\" class=\"wp-block-cover__background has-background-dim\"><\/span><img decoding=\"async\" class=\"wp-block-cover__image-background wp-image-7361\" alt=\"Alabastro\" src=\"https:\/\/hachazuela.com\/wp-content\/uploads\/2023\/09\/header-alabastro.webp\" data-object-fit=\"cover\"\/><div class=\"wp-block-cover__inner-container is-layout-flow wp-block-cover-is-layout-flow\"><style>.wp-block-kadence-advancedheading.kt-adv-heading8539_01d22f-a9, .wp-block-kadence-advancedheading.kt-adv-heading8539_01d22f-a9[data-kb-block=\"kb-adv-heading8539_01d22f-a9\"]{text-align:center;font-style:normal;}.wp-block-kadence-advancedheading.kt-adv-heading8539_01d22f-a9 mark.kt-highlight, .wp-block-kadence-advancedheading.kt-adv-heading8539_01d22f-a9[data-kb-block=\"kb-adv-heading8539_01d22f-a9\"] mark.kt-highlight{font-style:normal;color:#f76a0c;-webkit-box-decoration-break:clone;box-decoration-break:clone;padding-top:0px;padding-right:0px;padding-bottom:0px;padding-left:0px;}.wp-block-kadence-advancedheading.kt-adv-heading8539_01d22f-a9 img.kb-inline-image, .wp-block-kadence-advancedheading.kt-adv-heading8539_01d22f-a9[data-kb-block=\"kb-adv-heading8539_01d22f-a9\"] img.kb-inline-image{width:150px;vertical-align:baseline;}<\/style>\n<h2 class=\"kt-adv-heading8539_01d22f-a9 wp-block-kadence-advancedheading\" data-kb-block=\"kb-adv-heading8539_01d22f-a9\">Alabastre<\/h2>\n<\/div><\/div>\n\n\n<style>.wp-block-kadence-advancedheading.kt-adv-heading8539_3616c3-9b, .wp-block-kadence-advancedheading.kt-adv-heading8539_3616c3-9b[data-kb-block=\"kb-adv-heading8539_3616c3-9b\"]{text-align:center;font-style:normal;}.wp-block-kadence-advancedheading.kt-adv-heading8539_3616c3-9b mark.kt-highlight, .wp-block-kadence-advancedheading.kt-adv-heading8539_3616c3-9b[data-kb-block=\"kb-adv-heading8539_3616c3-9b\"] mark.kt-highlight{font-style:normal;color:#f76a0c;-webkit-box-decoration-break:clone;box-decoration-break:clone;padding-top:0px;padding-right:0px;padding-bottom:0px;padding-left:0px;}.wp-block-kadence-advancedheading.kt-adv-heading8539_3616c3-9b img.kb-inline-image, .wp-block-kadence-advancedheading.kt-adv-heading8539_3616c3-9b[data-kb-block=\"kb-adv-heading8539_3616c3-9b\"] img.kb-inline-image{width:150px;vertical-align:baseline;}<\/style>\n<h3 class=\"kt-adv-heading8539_3616c3-9b wp-block-kadence-advancedheading\" data-kb-block=\"kb-adv-heading8539_3616c3-9b\">L&#8217;alabastre \u00e9s un material amb el qual treballem fa m\u00e9s de dues d\u00e8cades. \u00c9s una pedra transl\u00facida amb tons rosats, grisos i blancs, amb la gran caracter\u00edstica que difumina la llum. Obtenim la nostra pedra de la pen\u00ednsula.<\/h3>\n\n\n\n<div class=\"wp-block-buttons is-content-justification-center is-layout-flex wp-container-core-buttons-is-layout-16018d1d wp-block-buttons-is-layout-flex\">\n<div class=\"wp-block-button boton--texto\"><a class=\"wp-block-button__link wp-element-button\" href=\"https:\/\/hachazuela.com\/ca\/alabastre\/\">Saber-ne m\u00e9s<\/a><\/div>\n<\/div>\n<\/div><\/div>\n\n<\/div><\/div>","protected":false},"excerpt":{"rendered":"<p>\u00c9s una de les fustes m\u00e9s dures que existeixen, sostenible, aut\u00f2ctona i de gran durabilitat. Els troncs els serrem com a taulons de diferent gruix i els deixem assecar. El seu \u00fas el dediquem a fer taulells, sobres, taules, taules, morters i estris de cuina. L&#8217;alabastre \u00e9s un material amb el qual treballem fa m\u00e9s<a class=\"more-link\" href=\"https:\/\/hachazuela.com\/ca\/materials\/\">Read more  &#10230;<\/a><\/p>\n","protected":false},"author":1,"featured_media":0,"parent":0,"menu_order":0,"comment_status":"closed","ping_status":"closed","template":"","meta":{"_editorskit_title_hidden":false,"_editorskit_reading_time":0,"_editorskit_is_block_options_detached":false,"_editorskit_block_options_position":"{}","inline_featured_image":false,"footnotes":""},"class_list":["post-8539","page","type-page","status-publish","hentry"],"featured_image_src":null,"featured_image_src_square":null,"_links":{"self":[{"href":"https:\/\/hachazuela.com\/ca\/wp-json\/wp\/v2\/pages\/8539","targetHints":{"allow":["GET"]}}],"collection":[{"href":"https:\/\/hachazuela.com\/ca\/wp-json\/wp\/v2\/pages"}],"about":[{"href":"https:\/\/hachazuela.com\/ca\/wp-json\/wp\/v2\/types\/page"}],"author":[{"embeddable":true,"href":"https:\/\/hachazuela.com\/ca\/wp-json\/wp\/v2\/users\/1"}],"replies":[{"embeddable":true,"href":"https:\/\/hachazuela.com\/ca\/wp-json\/wp\/v2\/comments?post=8539"}],"version-history":[{"count":4,"href":"https:\/\/hachazuela.com\/ca\/wp-json\/wp\/v2\/pages\/8539\/revisions"}],"predecessor-version":[{"id":10160,"href":"https:\/\/hachazuela.com\/ca\/wp-json\/wp\/v2\/pages\/8539\/revisions\/10160"}],"wp:attachment":[{"href":"https:\/\/hachazuela.com\/ca\/wp-json\/wp\/v2\/media?parent=8539"}],"curies":[{"name":"wp","href":"https:\/\/api.w.org\/{rel}","templated":true}]}}