{"id":8522,"date":"2023-09-27T17:07:22","date_gmt":"2023-09-27T15:07:22","guid":{"rendered":"https:\/\/hachazuela.com\/faqs\/"},"modified":"2025-10-14T12:56:09","modified_gmt":"2025-10-14T10:56:09","slug":"faqs","status":"publish","type":"page","link":"https:\/\/hachazuela.com\/ca\/faqs\/","title":{"rendered":"FAQs"},"content":{"rendered":"<style>.wp-block-kadence-spacer.kt-block-spacer-8522_57463c-6a .kt-block-spacer{height:45px;}.wp-block-kadence-spacer.kt-block-spacer-8522_57463c-6a .kt-divider{border-top-width:1px;height:1px;border-top-color:#eee;width:80%;border-top-style:solid;}<\/style>\n<div class=\"wp-block-kadence-spacer aligncenter kt-block-spacer-8522_57463c-6a\"><div class=\"kt-block-spacer kt-block-spacer-halign-center\"><\/div><\/div>\n\n\n<style>.kb-row-layout-id8522_c5613b-f0 > .kt-row-column-wrap{align-content:start;}:where(.kb-row-layout-id8522_c5613b-f0 > .kt-row-column-wrap) > .wp-block-kadence-column{justify-content:start;}.kb-row-layout-id8522_c5613b-f0 > .kt-row-column-wrap{column-gap:90px;row-gap:var(--global-kb-gap-md, 2rem);padding-top:0px;padding-bottom:0px;}.kb-row-layout-id8522_c5613b-f0 > .kt-row-column-wrap > div:not(.added-for-specificity){grid-column:initial;}.kb-row-layout-id8522_c5613b-f0 > .kt-row-column-wrap{grid-template-columns:minmax(0, 1fr) minmax(0, 2fr) minmax(0, 1fr);}.kb-row-layout-id8522_c5613b-f0 > .kt-row-layout-overlay{opacity:0.30;}@media all and (max-width: 1024px){.kb-row-layout-id8522_c5613b-f0 > .kt-row-column-wrap > div:not(.added-for-specificity){grid-column:initial;}}@media all and (max-width: 1024px){.kb-row-layout-id8522_c5613b-f0 > .kt-row-column-wrap{grid-template-columns:minmax(0, 1fr) minmax(0, 6fr) minmax(0, 1fr);}}@media all and (max-width: 767px){.kb-row-layout-id8522_c5613b-f0 > .kt-row-column-wrap > div:not(.added-for-specificity){grid-column:initial;}.kb-row-layout-id8522_c5613b-f0 > .kt-row-column-wrap{grid-template-columns:minmax(0, 1fr);}}<\/style><div class=\"kb-row-layout-wrap kb-row-layout-id8522_c5613b-f0 alignfull tricolumna--pagina--final wp-block-kadence-rowlayout\"><div class=\"kt-row-column-wrap kt-has-3-columns kt-row-layout-center-half kt-tab-layout-center-exwide kt-mobile-layout-row kt-row-valign-top\">\n<style>.kadence-column8522_2ae438-25 > .kt-inside-inner-col,.kadence-column8522_2ae438-25 > .kt-inside-inner-col:before{border-top-left-radius:0px;border-top-right-radius:0px;border-bottom-right-radius:0px;border-bottom-left-radius:0px;}.kadence-column8522_2ae438-25 > .kt-inside-inner-col{column-gap:var(--global-kb-gap-sm, 1rem);}.kadence-column8522_2ae438-25 > .kt-inside-inner-col{flex-direction:column;}.kadence-column8522_2ae438-25 > .kt-inside-inner-col > .aligncenter{width:100%;}.kadence-column8522_2ae438-25 > .kt-inside-inner-col:before{opacity:0.3;}.kadence-column8522_2ae438-25{position:relative;}@media all and (max-width: 1024px){.kadence-column8522_2ae438-25 > .kt-inside-inner-col{flex-direction:column;justify-content:center;}}@media all and (max-width: 767px){.kadence-column8522_2ae438-25 > .kt-inside-inner-col{flex-direction:column;justify-content:center;}}<\/style>\n<div class=\"wp-block-kadence-column kadence-column8522_2ae438-25 fila--foto--1\"><div class=\"kt-inside-inner-col\"><\/div><\/div>\n\n\n<style>.kadence-column8522_d42c16-f6 > .kt-inside-inner-col,.kadence-column8522_d42c16-f6 > .kt-inside-inner-col:before{border-top-left-radius:0px;border-top-right-radius:0px;border-bottom-right-radius:0px;border-bottom-left-radius:0px;}.kadence-column8522_d42c16-f6 > .kt-inside-inner-col{column-gap:var(--global-kb-gap-sm, 1rem);}.kadence-column8522_d42c16-f6 > .kt-inside-inner-col{flex-direction:column;}.kadence-column8522_d42c16-f6 > .kt-inside-inner-col > .aligncenter{width:100%;}.kadence-column8522_d42c16-f6 > .kt-inside-inner-col:before{opacity:0.3;}.kadence-column8522_d42c16-f6{position:relative;}@media all and (max-width: 1024px){.kadence-column8522_d42c16-f6 > .kt-inside-inner-col{flex-direction:column;justify-content:center;}}@media all and (max-width: 767px){.kadence-column8522_d42c16-f6 > .kt-inside-inner-col{flex-direction:column;justify-content:center;}}<\/style>\n<div class=\"wp-block-kadence-column kadence-column8522_d42c16-f6 fila--contingut\"><div class=\"kt-inside-inner-col\">\n<p>Quan s&#8217;adquireix una pe\u00e7a artesanal, \u00e9s m\u00e9s que un \u201csimple tros de fusta\u201d, darrere de cadascuna hi ha unes mans h\u00e0bils que la treballen una per una aconseguint que cada pe\u00e7a sigui \u00fanica.<\/p>\n\n\n\n<p>Les nostres taules de cuina no nom\u00e9s s\u00f3n peces est\u00e8ticament atractives, sin\u00f3 que tamb\u00e9 han estat dissenyades acuradament per ser funcionals i pr\u00e0ctiques. Fabricades amb materials de primera qualitat, aquestes taules ofereixen durabilitat i resist\u00e8ncia, aspectes essencials a qualsevol entorn de cuina.<\/p>\n\n\n\n<p>Segueix les nostres recomanacions i tindr\u00e0s unes \u201ccompanyes de receptes\u201d per sempre:<\/p>\n\n\n<style>.wp-block-kadence-advancedheading.kt-adv-heading8522_3c371b-2b, .wp-block-kadence-advancedheading.kt-adv-heading8522_3c371b-2b[data-kb-block=\"kb-adv-heading8522_3c371b-2b\"]{font-style:normal;}.wp-block-kadence-advancedheading.kt-adv-heading8522_3c371b-2b mark.kt-highlight, .wp-block-kadence-advancedheading.kt-adv-heading8522_3c371b-2b[data-kb-block=\"kb-adv-heading8522_3c371b-2b\"] mark.kt-highlight{font-style:normal;color:#f76a0c;-webkit-box-decoration-break:clone;box-decoration-break:clone;padding-top:0px;padding-right:0px;padding-bottom:0px;padding-left:0px;}.wp-block-kadence-advancedheading.kt-adv-heading8522_3c371b-2b img.kb-inline-image, .wp-block-kadence-advancedheading.kt-adv-heading8522_3c371b-2b[data-kb-block=\"kb-adv-heading8522_3c371b-2b\"] img.kb-inline-image{width:150px;vertical-align:baseline;}<\/style>\n<h3 class=\"kt-adv-heading8522_3c371b-2b wp-block-kadence-advancedheading\" data-kb-block=\"kb-adv-heading8522_3c371b-2b\">No facis servir rentaplats<\/h3>\n\n\n\n<p>No utilitzis el rentaplats ni productes agressius. Tampoc \u00e9s convenient que les posis en remull o facis servir fonts de calor per assecar-les.<\/p>\n\n\n<style>.wp-block-kadence-advancedheading.kt-adv-heading8522_150130-79, .wp-block-kadence-advancedheading.kt-adv-heading8522_150130-79[data-kb-block=\"kb-adv-heading8522_150130-79\"]{font-style:normal;}.wp-block-kadence-advancedheading.kt-adv-heading8522_150130-79 mark.kt-highlight, .wp-block-kadence-advancedheading.kt-adv-heading8522_150130-79[data-kb-block=\"kb-adv-heading8522_150130-79\"] mark.kt-highlight{font-style:normal;color:#f76a0c;-webkit-box-decoration-break:clone;box-decoration-break:clone;padding-top:0px;padding-right:0px;padding-bottom:0px;padding-left:0px;}.wp-block-kadence-advancedheading.kt-adv-heading8522_150130-79 img.kb-inline-image, .wp-block-kadence-advancedheading.kt-adv-heading8522_150130-79[data-kb-block=\"kb-adv-heading8522_150130-79\"] img.kb-inline-image{width:150px;vertical-align:baseline;}<\/style>\n<h3 class=\"kt-adv-heading8522_150130-79 wp-block-kadence-advancedheading\" data-kb-block=\"kb-adv-heading8522_150130-79\">\u200bNo ficar en microones o nevera<\/h3>\n\n\n\n<p>Els canvis de temperatura i humitat podrien ocasionar deformitats en el color i la forma de la pe\u00e7a.<\/p>\n\n\n<style>.wp-block-kadence-advancedheading.kt-adv-heading8522_b94a29-2e, .wp-block-kadence-advancedheading.kt-adv-heading8522_b94a29-2e[data-kb-block=\"kb-adv-heading8522_b94a29-2e\"]{font-style:normal;}.wp-block-kadence-advancedheading.kt-adv-heading8522_b94a29-2e mark.kt-highlight, .wp-block-kadence-advancedheading.kt-adv-heading8522_b94a29-2e[data-kb-block=\"kb-adv-heading8522_b94a29-2e\"] mark.kt-highlight{font-style:normal;color:#f76a0c;-webkit-box-decoration-break:clone;box-decoration-break:clone;padding-top:0px;padding-right:0px;padding-bottom:0px;padding-left:0px;}.wp-block-kadence-advancedheading.kt-adv-heading8522_b94a29-2e img.kb-inline-image, .wp-block-kadence-advancedheading.kt-adv-heading8522_b94a29-2e[data-kb-block=\"kb-adv-heading8522_b94a29-2e\"] img.kb-inline-image{width:150px;vertical-align:baseline;}<\/style>\n<h3 class=\"kt-adv-heading8522_b94a29-2e wp-block-kadence-advancedheading\" data-kb-block=\"kb-adv-heading8522_b94a29-2e\">Renta amb aigua t\u00e8bia i sab\u00f3<\/h3>\n\n\n\n<p>Renta-les sempre a m\u00e0 amb aigua t\u00e8bia i sab\u00f3 i tot seguit passa un drap sec i deixa que s&#8217;acabin d&#8217;assecar a l&#8217;aire.<\/p>\n\n\n<style>.wp-block-kadence-advancedheading.kt-adv-heading8522_dcf2ab-9d, .wp-block-kadence-advancedheading.kt-adv-heading8522_dcf2ab-9d[data-kb-block=\"kb-adv-heading8522_dcf2ab-9d\"]{font-style:normal;}.wp-block-kadence-advancedheading.kt-adv-heading8522_dcf2ab-9d mark.kt-highlight, .wp-block-kadence-advancedheading.kt-adv-heading8522_dcf2ab-9d[data-kb-block=\"kb-adv-heading8522_dcf2ab-9d\"] mark.kt-highlight{font-style:normal;color:#f76a0c;-webkit-box-decoration-break:clone;box-decoration-break:clone;padding-top:0px;padding-right:0px;padding-bottom:0px;padding-left:0px;}.wp-block-kadence-advancedheading.kt-adv-heading8522_dcf2ab-9d img.kb-inline-image, .wp-block-kadence-advancedheading.kt-adv-heading8522_dcf2ab-9d[data-kb-block=\"kb-adv-heading8522_dcf2ab-9d\"] img.kb-inline-image{width:150px;vertical-align:baseline;}<\/style>\n<h3 class=\"kt-adv-heading8522_dcf2ab-9d wp-block-kadence-advancedheading\" data-kb-block=\"kb-adv-heading8522_dcf2ab-9d\">Evita canvis extrems de temperatura<\/h3>\n\n\n\n<p>La fusta \u00e9s viva malgrat estar fora del seu h\u00e0bitat i \u00e9s per aix\u00f2 que pot presentar moviment amb els canvis de temperatura o quan hi ha humitat a l&#8217;ambient, per aix\u00f2, per mantenir la seva estabilitat a llarg termini, evita canvis extrems a la temperatura . Si el clima \u00e9s molt sec, has d&#8217;hidratar la pe\u00e7a peri\u00f2dicament.<\/p>\n\n\n<style>.wp-block-kadence-advancedheading.kt-adv-heading8522_79a3e0-6a, .wp-block-kadence-advancedheading.kt-adv-heading8522_79a3e0-6a[data-kb-block=\"kb-adv-heading8522_79a3e0-6a\"]{font-style:normal;}.wp-block-kadence-advancedheading.kt-adv-heading8522_79a3e0-6a mark.kt-highlight, .wp-block-kadence-advancedheading.kt-adv-heading8522_79a3e0-6a[data-kb-block=\"kb-adv-heading8522_79a3e0-6a\"] mark.kt-highlight{font-style:normal;color:#f76a0c;-webkit-box-decoration-break:clone;box-decoration-break:clone;padding-top:0px;padding-right:0px;padding-bottom:0px;padding-left:0px;}.wp-block-kadence-advancedheading.kt-adv-heading8522_79a3e0-6a img.kb-inline-image, .wp-block-kadence-advancedheading.kt-adv-heading8522_79a3e0-6a[data-kb-block=\"kb-adv-heading8522_79a3e0-6a\"] img.kb-inline-image{width:150px;vertical-align:baseline;}<\/style>\n<h3 class=\"kt-adv-heading8522_79a3e0-6a wp-block-kadence-advancedheading\" data-kb-block=\"kb-adv-heading8522_79a3e0-6a\">Aplica cera per hidratar<\/h3>\n\n\n\n<p>La fusta gaireb\u00e9 necessita les mateixes cures que la pell, \u00e9s per aix\u00f2 que \u00e9s recomanable mantenir hidratada amb el nostre <a href=\"https:\/\/hachazuela.com\/ca\/producto\/nuestracera\/\">producte d&#8217;elaboraci\u00f3 pr\u00f2pia<\/a>. Est\u00e0 elaborada amb cera d&#8217;abella, cera vegetal i olis amb alguna ess\u00e8ncia que li agrada afegir a la cap o al cap.<\/p>\n\n\n\n<p>\u00c9s recomanable aplicar-lo una vegada cada dos mesos aproximadament (la fusta et parlar\u00e0 quan) per aconseguir mantenir en condicions \u00f2ptimes i aix\u00ed tindr\u00e0s una taula per sempre.<\/p>\n\n\n\n<p>Pots aplicar amb les mans directament (i aix\u00ed les teves mans en surten beneficiades) o b\u00e9 amb un drap de cot\u00f3 net (guarda&#8217;l juntament amb el producte per a la seg\u00fcent aplicaci\u00f3), no cal posar molta quantitat.<\/p>\n\n\n\n<p>No \u00e9s t\u00f2xic pel que es pot fer servir en taules, taulells de cuina, taules de tall, coberts, bols, plats o qualsevol superf\u00edcie que tingui contacte amb els aliments Aprofundeix el color i augmenta el contrast de la veta. No obstant aix\u00f2, la fusta conserva l&#8217;aspecte i la textura naturals.<\/p>\n\n\n\n<p>Deixa un tacte natural i vellutat, permet que la fusta respiri.<\/p>\n\n\n\n<div class=\"wp-block-buttons is-content-justification-left is-layout-flex wp-container-core-buttons-is-layout-fdcfc74e wp-block-buttons-is-layout-flex\">\n<div class=\"wp-block-button boton--texto\"><a class=\"wp-block-button__link wp-element-button\" href=\"https:\/\/hachazuela.com\/ca\/botiga-online\/\">Botiga online<\/a><\/div>\n<\/div>\n<\/div><\/div>\n\n\n<style>.kadence-column8522_73827e-af > .kt-inside-inner-col,.kadence-column8522_73827e-af > .kt-inside-inner-col:before{border-top-left-radius:0px;border-top-right-radius:0px;border-bottom-right-radius:0px;border-bottom-left-radius:0px;}.kadence-column8522_73827e-af > .kt-inside-inner-col{column-gap:var(--global-kb-gap-sm, 1rem);}.kadence-column8522_73827e-af > .kt-inside-inner-col{flex-direction:column;}.kadence-column8522_73827e-af > .kt-inside-inner-col > .aligncenter{width:100%;}.kadence-column8522_73827e-af > .kt-inside-inner-col:before{opacity:0.3;}.kadence-column8522_73827e-af{position:relative;}@media all and (max-width: 1024px){.kadence-column8522_73827e-af > .kt-inside-inner-col{flex-direction:column;justify-content:center;}}@media all and (max-width: 767px){.kadence-column8522_73827e-af > .kt-inside-inner-col{flex-direction:column;justify-content:center;}}<\/style>\n<div class=\"wp-block-kadence-column kadence-column8522_73827e-af fila--foto--2\"><div class=\"kt-inside-inner-col\"><\/div><\/div>\n\n<\/div><\/div>","protected":false},"excerpt":{"rendered":"<p>Quan s&#8217;adquireix una pe\u00e7a artesanal, \u00e9s m\u00e9s que un \u201csimple tros de fusta\u201d, darrere de cadascuna hi ha unes mans h\u00e0bils que la treballen una per una aconseguint que cada pe\u00e7a sigui \u00fanica. Les nostres taules de cuina no nom\u00e9s s\u00f3n peces est\u00e8ticament atractives, sin\u00f3 que tamb\u00e9 han estat dissenyades acuradament per ser funcionals i<a class=\"more-link\" href=\"https:\/\/hachazuela.com\/ca\/faqs\/\">Read more  &#10230;<\/a><\/p>\n","protected":false},"author":1,"featured_media":0,"parent":0,"menu_order":0,"comment_status":"closed","ping_status":"closed","template":"","meta":{"_editorskit_title_hidden":false,"_editorskit_reading_time":0,"_editorskit_is_block_options_detached":false,"_editorskit_block_options_position":"{}","inline_featured_image":false,"footnotes":""},"class_list":["post-8522","page","type-page","status-publish","hentry"],"featured_image_src":null,"featured_image_src_square":null,"_links":{"self":[{"href":"https:\/\/hachazuela.com\/ca\/wp-json\/wp\/v2\/pages\/8522","targetHints":{"allow":["GET"]}}],"collection":[{"href":"https:\/\/hachazuela.com\/ca\/wp-json\/wp\/v2\/pages"}],"about":[{"href":"https:\/\/hachazuela.com\/ca\/wp-json\/wp\/v2\/types\/page"}],"author":[{"embeddable":true,"href":"https:\/\/hachazuela.com\/ca\/wp-json\/wp\/v2\/users\/1"}],"replies":[{"embeddable":true,"href":"https:\/\/hachazuela.com\/ca\/wp-json\/wp\/v2\/comments?post=8522"}],"version-history":[{"count":5,"href":"https:\/\/hachazuela.com\/ca\/wp-json\/wp\/v2\/pages\/8522\/revisions"}],"predecessor-version":[{"id":13685,"href":"https:\/\/hachazuela.com\/ca\/wp-json\/wp\/v2\/pages\/8522\/revisions\/13685"}],"wp:attachment":[{"href":"https:\/\/hachazuela.com\/ca\/wp-json\/wp\/v2\/media?parent=8522"}],"curies":[{"name":"wp","href":"https:\/\/api.w.org\/{rel}","templated":true}]}}