{"id":8516,"date":"2023-09-27T17:14:23","date_gmt":"2023-09-27T15:14:23","guid":{"rendered":"https:\/\/hachazuela.com\/envios-devoluciones\/"},"modified":"2023-12-14T20:05:16","modified_gmt":"2023-12-14T19:05:16","slug":"enviaments-devolucions","status":"publish","type":"page","link":"https:\/\/hachazuela.com\/ca\/enviaments-devolucions\/","title":{"rendered":"Enviaments i devolucions"},"content":{"rendered":"<style>.wp-block-kadence-spacer.kt-block-spacer-8516_8c48e6-39 .kt-block-spacer{height:45px;}.wp-block-kadence-spacer.kt-block-spacer-8516_8c48e6-39 .kt-divider{border-top-width:1px;height:1px;border-top-color:#eee;width:80%;border-top-style:solid;}<\/style>\n<div class=\"wp-block-kadence-spacer aligncenter kt-block-spacer-8516_8c48e6-39\"><div class=\"kt-block-spacer kt-block-spacer-halign-center\"><\/div><\/div>\n\n\n<style>.kb-row-layout-id8516_a0a1e8-97 > .kt-row-column-wrap{align-content:start;}:where(.kb-row-layout-id8516_a0a1e8-97 > .kt-row-column-wrap) > .wp-block-kadence-column{justify-content:start;}.kb-row-layout-id8516_a0a1e8-97 > .kt-row-column-wrap{column-gap:90px;row-gap:var(--global-kb-gap-md, 2rem);padding-top:0px;padding-bottom:0px;}.kb-row-layout-id8516_a0a1e8-97 > .kt-row-column-wrap > div:not(.added-for-specificity){grid-column:initial;}.kb-row-layout-id8516_a0a1e8-97 > .kt-row-column-wrap{grid-template-columns:minmax(0, 1fr) minmax(0, 2fr) minmax(0, 1fr);}.kb-row-layout-id8516_a0a1e8-97 > .kt-row-layout-overlay{opacity:0.30;}@media all and (max-width: 1024px){.kb-row-layout-id8516_a0a1e8-97 > .kt-row-column-wrap > div:not(.added-for-specificity){grid-column:initial;}}@media all and (max-width: 1024px){.kb-row-layout-id8516_a0a1e8-97 > .kt-row-column-wrap{grid-template-columns:minmax(0, 1fr) minmax(0, 2fr) minmax(0, 1fr);}}@media all and (max-width: 767px){.kb-row-layout-id8516_a0a1e8-97 > .kt-row-column-wrap > div:not(.added-for-specificity){grid-column:initial;}.kb-row-layout-id8516_a0a1e8-97 > .kt-row-column-wrap{grid-template-columns:minmax(0, 1fr);}}<\/style><div class=\"kb-row-layout-wrap kb-row-layout-id8516_a0a1e8-97 alignfull tricolumna--pagina--final wp-block-kadence-rowlayout\"><div class=\"kt-row-column-wrap kt-has-3-columns kt-row-layout-center-half kt-tab-layout-inherit kt-mobile-layout-row kt-row-valign-top\">\n<style>.kadence-column8516_3e4538-1b > .kt-inside-inner-col,.kadence-column8516_3e4538-1b > .kt-inside-inner-col:before{border-top-left-radius:0px;border-top-right-radius:0px;border-bottom-right-radius:0px;border-bottom-left-radius:0px;}.kadence-column8516_3e4538-1b > .kt-inside-inner-col{column-gap:var(--global-kb-gap-sm, 1rem);}.kadence-column8516_3e4538-1b > .kt-inside-inner-col{flex-direction:column;}.kadence-column8516_3e4538-1b > .kt-inside-inner-col > .aligncenter{width:100%;}.kadence-column8516_3e4538-1b > .kt-inside-inner-col:before{opacity:0.3;}.kadence-column8516_3e4538-1b{position:relative;}@media all and (max-width: 1024px){.kadence-column8516_3e4538-1b > .kt-inside-inner-col{flex-direction:column;justify-content:center;}}@media all and (max-width: 767px){.kadence-column8516_3e4538-1b > .kt-inside-inner-col{flex-direction:column;justify-content:center;}}<\/style>\n<div class=\"wp-block-kadence-column kadence-column8516_3e4538-1b fila--foto--1\"><div class=\"kt-inside-inner-col\"><\/div><\/div>\n\n\n<style>.kadence-column8516_14f411-f2 > .kt-inside-inner-col,.kadence-column8516_14f411-f2 > .kt-inside-inner-col:before{border-top-left-radius:0px;border-top-right-radius:0px;border-bottom-right-radius:0px;border-bottom-left-radius:0px;}.kadence-column8516_14f411-f2 > .kt-inside-inner-col{column-gap:var(--global-kb-gap-sm, 1rem);}.kadence-column8516_14f411-f2 > .kt-inside-inner-col{flex-direction:column;}.kadence-column8516_14f411-f2 > .kt-inside-inner-col > .aligncenter{width:100%;}.kadence-column8516_14f411-f2 > .kt-inside-inner-col:before{opacity:0.3;}.kadence-column8516_14f411-f2{position:relative;}@media all and (max-width: 1024px){.kadence-column8516_14f411-f2 > .kt-inside-inner-col{flex-direction:column;justify-content:center;}}@media all and (max-width: 767px){.kadence-column8516_14f411-f2 > .kt-inside-inner-col{flex-direction:column;justify-content:center;}}<\/style>\n<div class=\"wp-block-kadence-column kadence-column8516_14f411-f2 fila--contingut\"><div class=\"kt-inside-inner-col\">\n<p>Moltes gr\u00e0cies per visitar la nostra botiga. Si us plau, llegeix amb atenci\u00f3 abans de fer la teva comanda. No dubtis en posar-te en contacte amb mi si necessites qualsevol informaci\u00f3 addicional, estar\u00e9 encantada d&#8217;atendre&#8217;t.<\/p>\n\n\n\n<p>Totes les nostres peces estan fetes artesanalment, aix\u00f2 les fa \u00faniques i forma part de la bellesa intr\u00ednseca de les mateixes, aquest \u00e9s el motiu pel qual poden presentar petites variacions de tons, acabats entre les fotografies i la teva.<\/p>\n\n\n<style>.wp-block-kadence-advancedheading.kt-adv-heading8516_b698f4-2e, .wp-block-kadence-advancedheading.kt-adv-heading8516_b698f4-2e[data-kb-block=\"kb-adv-heading8516_b698f4-2e\"]{font-style:normal;}.wp-block-kadence-advancedheading.kt-adv-heading8516_b698f4-2e mark.kt-highlight, .wp-block-kadence-advancedheading.kt-adv-heading8516_b698f4-2e[data-kb-block=\"kb-adv-heading8516_b698f4-2e\"] mark.kt-highlight{font-style:normal;color:#f76a0c;-webkit-box-decoration-break:clone;box-decoration-break:clone;padding-top:0px;padding-right:0px;padding-bottom:0px;padding-left:0px;}.wp-block-kadence-advancedheading.kt-adv-heading8516_b698f4-2e img.kb-inline-image, .wp-block-kadence-advancedheading.kt-adv-heading8516_b698f4-2e[data-kb-block=\"kb-adv-heading8516_b698f4-2e\"] img.kb-inline-image{width:150px;vertical-align:baseline;}<\/style>\n<h2 class=\"kt-adv-heading8516_b698f4-2e wp-block-kadence-advancedheading\" data-kb-block=\"kb-adv-heading8516_b698f4-2e\">Pol\u00edtica d&#8217;entrega<\/h2>\n\n\n\n<p>Els preus no inclouen transport. En seleccionar el dest\u00ed, es calcularan uns costos d&#8217;entrega que poden variar en funci\u00f3 del pa\u00eds.<\/p>\n\n\n\n<p><strong>Enviaments a Espanya:<\/strong> Tarifa \u00fanica d&#8217;enviament: 12\u20ac.<\/p>\n\n\n\n<p><strong>Andorra i la resta de la Uni\u00f3 Europea:<\/strong> Tarifa \u00fanica d&#8217;enviament: 24\u20ac.<\/p>\n\n\n\n<p><strong>Altres pa\u00efsos:<\/strong> Actualment no podem establir una tarifa plana per a tots els pa\u00efsos. Si est\u00e0s interessat en els nostres productes, posa&#8217;t en <a href=\"https:\/\/hachazuela.com\/ca\/contacta\/\" class=\"ek-link\">contacte<\/a> amb nosaltres i intentarem trobar la millor soluci\u00f3 possible.<\/p>\n\n\n\n<p>Tot i aix\u00f2, sempre pots seleccionar la <strong>Recollida Local<\/strong>, en aquest cas, t&#8217;encarregar\u00e0s de gestionar la recollida pel teu compte.<\/p>\n\n\n<style>.wp-block-kadence-advancedheading.kt-adv-heading8516_69b92e-60, .wp-block-kadence-advancedheading.kt-adv-heading8516_69b92e-60[data-kb-block=\"kb-adv-heading8516_69b92e-60\"]{font-style:normal;}.wp-block-kadence-advancedheading.kt-adv-heading8516_69b92e-60 mark.kt-highlight, .wp-block-kadence-advancedheading.kt-adv-heading8516_69b92e-60[data-kb-block=\"kb-adv-heading8516_69b92e-60\"] mark.kt-highlight{font-style:normal;color:#f76a0c;-webkit-box-decoration-break:clone;box-decoration-break:clone;padding-top:0px;padding-right:0px;padding-bottom:0px;padding-left:0px;}.wp-block-kadence-advancedheading.kt-adv-heading8516_69b92e-60 img.kb-inline-image, .wp-block-kadence-advancedheading.kt-adv-heading8516_69b92e-60[data-kb-block=\"kb-adv-heading8516_69b92e-60\"] img.kb-inline-image{width:150px;vertical-align:baseline;}<\/style>\n<h2 class=\"kt-adv-heading8516_69b92e-60 wp-block-kadence-advancedheading\" data-kb-block=\"kb-adv-heading8516_69b92e-60\">Pol\u00edtica de devoluci\u00f3 i canvi<\/h2>\n\n\n\n<p>Si per qualsevol motiu no est\u00e0s satisfet amb la teva comanda posa&#8217;t en <a href=\"https:\/\/hachazuela.com\/ca\/contacta\/\" class=\"ek-link\">contacte<\/a> amb nosaltres i t&#8217;ajudarem encantats a procedir amb la devoluci\u00f3.<\/p>\n\n\n\n<p>Per a la devoluci\u00f3 \u00e9s necessari que el producte estigui en les mateixes condicions que va ser rebut i amb l&#8217;embolcall original.<\/p>\n\n\n\n<p><strong>No es faran devolucions de productes usats o danyats.<\/strong><\/p>\n\n\n\n<p>El producte ser\u00e0 enviat en els seg\u00fcents 10 dies laborables despr\u00e9s de la seva recepci\u00f3 i com a carta o <strong>paquet certificat<\/strong> i informant-nos del n\u00famero de seguiment, sense aix\u00f2 no ens farem responsables de la seva p\u00e8rdua o robatori.<\/p>\n\n\n\n<p>Els <strong>costos<\/strong> d&#8217;enviament per devoluci\u00f3 <strong>no seran reemborsats<\/strong>.<\/p>\n\n\n\n<p>Enviarem un correu electr\u00f2nic de confirmaci\u00f3 un cop el producte hagi arribat i sigui acceptat per a la devoluci\u00f3. Es processar\u00e0 de la mateixa manera de pagament utilitzada.<\/p>\n\n\n\n<p>Tots els paquets es preparen amb cura per a la seva major protecci\u00f3. Si comproves que a la teva regi\u00f3 no surt com a lloc d&#8217;enviament, posa&#8217;t en contacte amb nosaltres i estarem encantats d&#8217;atendre&#8217;t.<\/p>\n\n\n\n<p>No s&#8217;admeten canvis, recomanem tornar el producte i fer una nova comanda.<\/p>\n\n\n\n<p>Farem tot el possible per completar tota comanda per\u00f2 poden sorgir inesperats retards o cancel\u00b7lacions.<\/p>\n\n\n\n<p>Ens reservem el dret de cancel\u00b7lar la comanda i procedir amb la devoluci\u00f3 total de l&#8217;import despr\u00e9s de ser notificat.<\/p>\n<\/div><\/div>\n\n\n<style>.kadence-column8516_3ae967-cc > .kt-inside-inner-col,.kadence-column8516_3ae967-cc > .kt-inside-inner-col:before{border-top-left-radius:0px;border-top-right-radius:0px;border-bottom-right-radius:0px;border-bottom-left-radius:0px;}.kadence-column8516_3ae967-cc > .kt-inside-inner-col{column-gap:var(--global-kb-gap-sm, 1rem);}.kadence-column8516_3ae967-cc > .kt-inside-inner-col{flex-direction:column;}.kadence-column8516_3ae967-cc > .kt-inside-inner-col > .aligncenter{width:100%;}.kadence-column8516_3ae967-cc > .kt-inside-inner-col:before{opacity:0.3;}.kadence-column8516_3ae967-cc{position:relative;}@media all and (max-width: 1024px){.kadence-column8516_3ae967-cc > .kt-inside-inner-col{flex-direction:column;justify-content:center;}}@media all and (max-width: 767px){.kadence-column8516_3ae967-cc > .kt-inside-inner-col{flex-direction:column;justify-content:center;}}<\/style>\n<div class=\"wp-block-kadence-column kadence-column8516_3ae967-cc fila--foto--2\"><div class=\"kt-inside-inner-col\"><\/div><\/div>\n\n<\/div><\/div>","protected":false},"excerpt":{"rendered":"<p>Moltes gr\u00e0cies per visitar la nostra botiga. Si us plau, llegeix amb atenci\u00f3 abans de fer la teva comanda. No dubtis en posar-te en contacte amb mi si necessites qualsevol informaci\u00f3 addicional, estar\u00e9 encantada d&#8217;atendre&#8217;t. Totes les nostres peces estan fetes artesanalment, aix\u00f2 les fa \u00faniques i forma part de la bellesa intr\u00ednseca de les<a class=\"more-link\" href=\"https:\/\/hachazuela.com\/ca\/enviaments-devolucions\/\">Read more  &#10230;<\/a><\/p>\n","protected":false},"author":1,"featured_media":0,"parent":0,"menu_order":0,"comment_status":"closed","ping_status":"closed","template":"","meta":{"_editorskit_title_hidden":false,"_editorskit_reading_time":0,"_editorskit_is_block_options_detached":false,"_editorskit_block_options_position":"{}","inline_featured_image":false,"footnotes":""},"class_list":["post-8516","page","type-page","status-publish","hentry"],"featured_image_src":null,"featured_image_src_square":null,"_links":{"self":[{"href":"https:\/\/hachazuela.com\/ca\/wp-json\/wp\/v2\/pages\/8516","targetHints":{"allow":["GET"]}}],"collection":[{"href":"https:\/\/hachazuela.com\/ca\/wp-json\/wp\/v2\/pages"}],"about":[{"href":"https:\/\/hachazuela.com\/ca\/wp-json\/wp\/v2\/types\/page"}],"author":[{"embeddable":true,"href":"https:\/\/hachazuela.com\/ca\/wp-json\/wp\/v2\/users\/1"}],"replies":[{"embeddable":true,"href":"https:\/\/hachazuela.com\/ca\/wp-json\/wp\/v2\/comments?post=8516"}],"version-history":[{"count":9,"href":"https:\/\/hachazuela.com\/ca\/wp-json\/wp\/v2\/pages\/8516\/revisions"}],"predecessor-version":[{"id":10190,"href":"https:\/\/hachazuela.com\/ca\/wp-json\/wp\/v2\/pages\/8516\/revisions\/10190"}],"wp:attachment":[{"href":"https:\/\/hachazuela.com\/ca\/wp-json\/wp\/v2\/media?parent=8516"}],"curies":[{"name":"wp","href":"https:\/\/api.w.org\/{rel}","templated":true}]}}