{"id":8495,"date":"2023-10-03T17:14:02","date_gmt":"2023-10-03T15:14:02","guid":{"rendered":"https:\/\/hachazuela.com\/alabastro\/"},"modified":"2023-12-13T12:59:59","modified_gmt":"2023-12-13T11:59:59","slug":"alabastre","status":"publish","type":"page","link":"https:\/\/hachazuela.com\/ca\/alabastre\/","title":{"rendered":"Alabastre"},"content":{"rendered":"<style>.kb-row-layout-id8345_ec323e-de > .kt-row-column-wrap{align-content:start;}:where(.kb-row-layout-id8345_ec323e-de > .kt-row-column-wrap) > .wp-block-kadence-column{justify-content:start;}.kb-row-layout-id8345_ec323e-de > .kt-row-column-wrap{column-gap:var(--global-kb-gap-md, 2rem);row-gap:var(--global-kb-gap-md, 2rem);padding-top:0px;padding-bottom:0px;grid-template-columns:minmax(0, 1fr);}.kb-row-layout-id8345_ec323e-de > .kt-row-layout-overlay{opacity:0.30;}@media all and (max-width: 1024px){.kb-row-layout-id8345_ec323e-de > .kt-row-column-wrap{grid-template-columns:minmax(0, 1fr);}}@media all and (max-width: 767px){.kb-row-layout-id8345_ec323e-de > .kt-row-column-wrap{grid-template-columns:minmax(0, 1fr);}}<\/style><div class=\"kb-row-layout-wrap kb-row-layout-id8345_ec323e-de alignnone entry-header-coleccion pagina--final wp-block-kadence-rowlayout\"><div class=\"kt-row-column-wrap kt-has-1-columns kt-row-layout-equal kt-tab-layout-inherit kt-mobile-layout-row kt-row-valign-top\">\n<style>.kadence-column8345_2f9306-89 > .kt-inside-inner-col,.kadence-column8345_2f9306-89 > .kt-inside-inner-col:before{border-top-left-radius:0px;border-top-right-radius:0px;border-bottom-right-radius:0px;border-bottom-left-radius:0px;}.kadence-column8345_2f9306-89 > .kt-inside-inner-col{column-gap:var(--global-kb-gap-sm, 1rem);}.kadence-column8345_2f9306-89 > .kt-inside-inner-col{flex-direction:column;}.kadence-column8345_2f9306-89 > .kt-inside-inner-col > .aligncenter{width:100%;}.kadence-column8345_2f9306-89 > .kt-inside-inner-col:before{opacity:0.3;}.kadence-column8345_2f9306-89{position:relative;}@media all and (max-width: 1024px){.kadence-column8345_2f9306-89 > .kt-inside-inner-col{flex-direction:column;justify-content:center;}}@media all and (max-width: 767px){.kadence-column8345_2f9306-89 > .kt-inside-inner-col{flex-direction:column;justify-content:center;}}<\/style>\n<div class=\"wp-block-kadence-column kadence-column8345_2f9306-89\"><div class=\"kt-inside-inner-col\">\n<nav class=\"woocommerce-breadcrumb\"><a href=\"https:\/\/hachazuela.com\/ca\/nosaltres\/\">Nosaltres<\/a> \/ <a href=\"https:\/\/hachazuela.com\/ca\/materials\/\">Materials<\/a><\/nav>\n\n\n<h1 class=\"coleccion wp-block-post-title\">Alabastre<\/h1><\/div><\/div>\n\n<\/div><\/div>\n\n<style>.kb-row-layout-wrap.wp-block-kadence-rowlayout.kb-row-layout-id8495_f4d9bc-2a{margin-bottom:45px;}.kb-row-layout-id8495_f4d9bc-2a > .kt-row-column-wrap{align-content:start;}:where(.kb-row-layout-id8495_f4d9bc-2a > .kt-row-column-wrap) > .wp-block-kadence-column{justify-content:start;}.kb-row-layout-id8495_f4d9bc-2a > .kt-row-column-wrap{column-gap:var(--global-kb-gap-md, 2rem);row-gap:var(--global-kb-gap-md, 2rem);padding-top:0px;padding-bottom:0px;min-height:1000px;grid-template-columns:minmax(0, 1fr);}.kb-row-layout-id8495_f4d9bc-2a{background-image:url('https:\/\/hachazuela.com\/wp-content\/uploads\/2023\/09\/header-alabastro.webp');background-size:cover;background-position:50% 50%;background-attachment:fixed;background-repeat:no-repeat;}.kb-row-layout-id8495_f4d9bc-2a > .kt-row-layout-overlay{opacity:0.30;}@media all and (max-width: 1024px), only screen and (min-device-width: 1024px) and (max-device-width: 1366px) and (-webkit-min-device-pixel-ratio: 2) and (hover: none){.kb-row-layout-id8495_f4d9bc-2a{background-attachment:scroll;}}@media all and (max-width: 1024px){.kb-row-layout-id8495_f4d9bc-2a > .kt-row-column-wrap{grid-template-columns:minmax(0, 1fr);}}@media all and (max-width: 767px){.kb-row-layout-id8495_f4d9bc-2a > .kt-row-column-wrap{grid-template-columns:minmax(0, 1fr);}}<\/style><div class=\"kb-row-layout-wrap kb-row-layout-id8495_f4d9bc-2a alignfull kt-row-has-bg animated fadeIn slower wp-block-kadence-rowlayout\"><div class=\"kt-row-column-wrap kt-has-1-columns kt-row-layout-equal kt-tab-layout-inherit kt-mobile-layout-row kt-row-valign-top\">\n<style>.kadence-column8495_b2a364-fc > .kt-inside-inner-col,.kadence-column8495_b2a364-fc > .kt-inside-inner-col:before{border-top-left-radius:0px;border-top-right-radius:0px;border-bottom-right-radius:0px;border-bottom-left-radius:0px;}.kadence-column8495_b2a364-fc > .kt-inside-inner-col{column-gap:var(--global-kb-gap-sm, 1rem);}.kadence-column8495_b2a364-fc > .kt-inside-inner-col{flex-direction:column;}.kadence-column8495_b2a364-fc > .kt-inside-inner-col > .aligncenter{width:100%;}.kadence-column8495_b2a364-fc > .kt-inside-inner-col:before{opacity:0.3;}.kadence-column8495_b2a364-fc{position:relative;}@media all and (max-width: 1024px){.kadence-column8495_b2a364-fc > .kt-inside-inner-col{flex-direction:column;justify-content:center;}}@media all and (max-width: 767px){.kadence-column8495_b2a364-fc > .kt-inside-inner-col{flex-direction:column;justify-content:center;}}<\/style>\n<div class=\"wp-block-kadence-column kadence-column8495_b2a364-fc\"><div class=\"kt-inside-inner-col\"><\/div><\/div>\n\n<\/div><\/div>\n\n<style>.kb-row-layout-id8495_9ce0d7-8f > .kt-row-column-wrap{align-content:start;}:where(.kb-row-layout-id8495_9ce0d7-8f > .kt-row-column-wrap) > .wp-block-kadence-column{justify-content:start;}.kb-row-layout-id8495_9ce0d7-8f > .kt-row-column-wrap{column-gap:0px;row-gap:var(--global-kb-gap-md, 2rem);padding-top:0px;padding-bottom:0px;grid-template-columns:repeat(2, minmax(0, 1fr));}.kb-row-layout-id8495_9ce0d7-8f > .kt-row-layout-overlay{opacity:0.30;}@media all and (max-width: 1024px){.kb-row-layout-id8495_9ce0d7-8f > .kt-row-column-wrap{grid-template-columns:repeat(2, minmax(0, 1fr));}}@media all and (max-width: 767px){.kb-row-layout-id8495_9ce0d7-8f > .kt-row-column-wrap{grid-template-columns:minmax(0, 1fr);}}<\/style><div class=\"kb-row-layout-wrap kb-row-layout-id8495_9ce0d7-8f alignnone intro--estatic wp-block-kadence-rowlayout\"><div class=\"kt-row-column-wrap kt-has-2-columns kt-row-layout-equal kt-tab-layout-inherit kt-mobile-layout-row kt-row-valign-top\">\n<style>.kadence-column8495_3ad77d-ff > .kt-inside-inner-col,.kadence-column8495_3ad77d-ff > .kt-inside-inner-col:before{border-top-left-radius:0px;border-top-right-radius:0px;border-bottom-right-radius:0px;border-bottom-left-radius:0px;}.kadence-column8495_3ad77d-ff > .kt-inside-inner-col{column-gap:var(--global-kb-gap-sm, 1rem);}.kadence-column8495_3ad77d-ff > .kt-inside-inner-col{flex-direction:column;}.kadence-column8495_3ad77d-ff > .kt-inside-inner-col > .aligncenter{width:100%;}.kadence-column8495_3ad77d-ff > .kt-inside-inner-col:before{opacity:0.3;}.kadence-column8495_3ad77d-ff{position:relative;}@media all and (max-width: 1024px){.kadence-column8495_3ad77d-ff > .kt-inside-inner-col{flex-direction:column;justify-content:center;}}@media all and (max-width: 767px){.kadence-column8495_3ad77d-ff > .kt-inside-inner-col{flex-direction:column;justify-content:center;}}<\/style>\n<div class=\"wp-block-kadence-column kadence-column8495_3ad77d-ff\"><div class=\"kt-inside-inner-col\"><style>.wp-block-kadence-advancedheading.kt-adv-heading8495_843c9f-db, .wp-block-kadence-advancedheading.kt-adv-heading8495_843c9f-db[data-kb-block=\"kb-adv-heading8495_843c9f-db\"]{font-style:normal;}.wp-block-kadence-advancedheading.kt-adv-heading8495_843c9f-db mark.kt-highlight, .wp-block-kadence-advancedheading.kt-adv-heading8495_843c9f-db[data-kb-block=\"kb-adv-heading8495_843c9f-db\"] mark.kt-highlight{font-style:normal;color:#f76a0c;-webkit-box-decoration-break:clone;box-decoration-break:clone;padding-top:0px;padding-right:0px;padding-bottom:0px;padding-left:0px;}.wp-block-kadence-advancedheading.kt-adv-heading8495_843c9f-db img.kb-inline-image, .wp-block-kadence-advancedheading.kt-adv-heading8495_843c9f-db[data-kb-block=\"kb-adv-heading8495_843c9f-db\"] img.kb-inline-image{width:150px;vertical-align:baseline;}<\/style>\n<h2 class=\"kt-adv-heading8495_843c9f-db wp-block-kadence-advancedheading\" data-kb-block=\"kb-adv-heading8495_843c9f-db\">L&#8217;alabastre \u00e9s un material que portem treballant m\u00e9s de dues d\u00e8cades.<\/h2>\n<\/div><\/div>\n\n\n<style>.kadence-column8495_d42611-bd > .kt-inside-inner-col,.kadence-column8495_d42611-bd > .kt-inside-inner-col:before{border-top-left-radius:0px;border-top-right-radius:0px;border-bottom-right-radius:0px;border-bottom-left-radius:0px;}.kadence-column8495_d42611-bd > .kt-inside-inner-col{column-gap:var(--global-kb-gap-sm, 1rem);}.kadence-column8495_d42611-bd > .kt-inside-inner-col{flex-direction:column;}.kadence-column8495_d42611-bd > .kt-inside-inner-col > .aligncenter{width:100%;}.kadence-column8495_d42611-bd > .kt-inside-inner-col:before{opacity:0.3;}.kadence-column8495_d42611-bd{position:relative;}@media all and (max-width: 1024px){.kadence-column8495_d42611-bd > .kt-inside-inner-col{flex-direction:column;justify-content:center;}}@media all and (max-width: 767px){.kadence-column8495_d42611-bd > .kt-inside-inner-col{flex-direction:column;justify-content:center;}}<\/style>\n<div class=\"wp-block-kadence-column kadence-column8495_d42611-bd\"><div class=\"kt-inside-inner-col\"><\/div><\/div>\n\n<\/div><\/div>\n\n<style>.kb-row-layout-id8495_21a5a5-a6 > .kt-row-column-wrap{align-content:start;}:where(.kb-row-layout-id8495_21a5a5-a6 > .kt-row-column-wrap) > .wp-block-kadence-column{justify-content:start;}.kb-row-layout-id8495_21a5a5-a6 > .kt-row-column-wrap{column-gap:90px;row-gap:var(--global-kb-gap-md, 2rem);padding-top:0px;padding-bottom:0px;}.kb-row-layout-id8495_21a5a5-a6 > .kt-row-column-wrap > div:not(.added-for-specificity){grid-column:initial;}.kb-row-layout-id8495_21a5a5-a6 > .kt-row-column-wrap{grid-template-columns:minmax(0, 1fr) minmax(0, 2fr) minmax(0, 1fr);}.kb-row-layout-id8495_21a5a5-a6 > .kt-row-layout-overlay{opacity:0.30;}@media all and (max-width: 1024px){.kb-row-layout-id8495_21a5a5-a6 > .kt-row-column-wrap > div:not(.added-for-specificity){grid-column:initial;}}@media all and (max-width: 1024px){.kb-row-layout-id8495_21a5a5-a6 > .kt-row-column-wrap{grid-template-columns:minmax(0, 1fr) minmax(0, 2fr) minmax(0, 1fr);}}@media all and (max-width: 767px){.kb-row-layout-id8495_21a5a5-a6 > .kt-row-column-wrap > div:not(.added-for-specificity){grid-column:initial;}.kb-row-layout-id8495_21a5a5-a6 > .kt-row-column-wrap{grid-template-columns:minmax(0, 1fr);}}<\/style><div class=\"kb-row-layout-wrap kb-row-layout-id8495_21a5a5-a6 alignfull tricolumna--pagina--final wp-block-kadence-rowlayout\"><div class=\"kt-row-column-wrap kt-has-3-columns kt-row-layout-center-half kt-tab-layout-inherit kt-mobile-layout-row kt-row-valign-top\">\n<style>.kadence-column8495_00d2e0-97 > .kt-inside-inner-col,.kadence-column8495_00d2e0-97 > .kt-inside-inner-col:before{border-top-left-radius:0px;border-top-right-radius:0px;border-bottom-right-radius:0px;border-bottom-left-radius:0px;}.kadence-column8495_00d2e0-97 > .kt-inside-inner-col{column-gap:var(--global-kb-gap-sm, 1rem);}.kadence-column8495_00d2e0-97 > .kt-inside-inner-col{flex-direction:column;}.kadence-column8495_00d2e0-97 > .kt-inside-inner-col > .aligncenter{width:100%;}.kadence-column8495_00d2e0-97 > .kt-inside-inner-col:before{opacity:0.3;}.kadence-column8495_00d2e0-97{position:relative;}@media all and (max-width: 1024px){.kadence-column8495_00d2e0-97 > .kt-inside-inner-col{flex-direction:column;justify-content:center;}}@media all and (max-width: 767px){.kadence-column8495_00d2e0-97 > .kt-inside-inner-col{flex-direction:column;justify-content:center;}}<\/style>\n<div class=\"wp-block-kadence-column kadence-column8495_00d2e0-97 fila--foto--1\"><div class=\"kt-inside-inner-col\">\n<figure class=\"wp-block-image size-full animated fadeIn slower\"><img loading=\"lazy\" decoding=\"async\" width=\"844\" height=\"1130\" src=\"https:\/\/hachazuela.com\/wp-content\/uploads\/2023\/10\/alabastro-1.webp\" alt=\"Alabastre\" class=\"wp-image-7788\" srcset=\"https:\/\/hachazuela.com\/wp-content\/uploads\/2023\/10\/alabastro-1.webp 844w, https:\/\/hachazuela.com\/wp-content\/uploads\/2023\/10\/alabastro-1-812x1087.webp 812w\" sizes=\"auto, (max-width: 844px) 100vw, 844px\" \/><\/figure>\n<\/div><\/div>\n\n\n<style>.kadence-column8495_ec74fa-fb > .kt-inside-inner-col,.kadence-column8495_ec74fa-fb > .kt-inside-inner-col:before{border-top-left-radius:0px;border-top-right-radius:0px;border-bottom-right-radius:0px;border-bottom-left-radius:0px;}.kadence-column8495_ec74fa-fb > .kt-inside-inner-col{column-gap:var(--global-kb-gap-sm, 1rem);}.kadence-column8495_ec74fa-fb > .kt-inside-inner-col{flex-direction:column;}.kadence-column8495_ec74fa-fb > .kt-inside-inner-col > .aligncenter{width:100%;}.kadence-column8495_ec74fa-fb > .kt-inside-inner-col:before{opacity:0.3;}.kadence-column8495_ec74fa-fb{position:relative;}.kadence-column8495_ec74fa-fb, .kt-inside-inner-col > .kadence-column8495_ec74fa-fb:not(.specificity){margin-top:55px;}@media all and (max-width: 1024px){.kadence-column8495_ec74fa-fb > .kt-inside-inner-col{flex-direction:column;justify-content:center;}}@media all and (max-width: 767px){.kadence-column8495_ec74fa-fb > .kt-inside-inner-col{flex-direction:column;justify-content:center;}}<\/style>\n<div class=\"wp-block-kadence-column kadence-column8495_ec74fa-fb fila--contingut\"><div class=\"kt-inside-inner-col\">\n<p>\u00c9s una pedra trasl\u00facida amb tons rosats, grisos i blancs, amb la gran caracter\u00edstica que difumina la llum. Obtenim la nostra pedra de la pen\u00ednsula.<\/p>\n\n\n\n<p>Utilitzada a l&#8217;antiguitat pels seus m\u00faltiples beneficis energ\u00e8tics, la seva major peculiaritat \u00e9s la seva translucidesa. Gr\u00e0cies a aix\u00f2, fem l\u00e0mpades i porta-espelmes per la qual cosa es perceben les seves vetes de forma \u00fanica.<\/p>\n\n\n\n<p>\u00c9s gr\u00e0cies a la incid\u00e8ncia de la llum quan l&#8217;alabastre adquireix les seves veritables qualitats expressives. \u00c9s espectacular com la pedra natural amb els seus veteados i el seu colorit adquireix vida per donar calidesa lluminosa als m\u00e9s diversos ambients.<\/p>\n\n\n\n<p>Llum que ens arriba des de l&#8217;interior de la Terra. Carrega&#8217;t d&#8217;energia a trav\u00e9s de les nostres peces<\/p>\n<\/div><\/div>\n\n\n<style>.kadence-column8495_163754-43 > .kt-inside-inner-col,.kadence-column8495_163754-43 > .kt-inside-inner-col:before{border-top-left-radius:0px;border-top-right-radius:0px;border-bottom-right-radius:0px;border-bottom-left-radius:0px;}.kadence-column8495_163754-43 > .kt-inside-inner-col{column-gap:var(--global-kb-gap-sm, 1rem);}.kadence-column8495_163754-43 > .kt-inside-inner-col{flex-direction:column;}.kadence-column8495_163754-43 > .kt-inside-inner-col > .aligncenter{width:100%;}.kadence-column8495_163754-43 > .kt-inside-inner-col:before{opacity:0.3;}.kadence-column8495_163754-43{position:relative;}@media all and (max-width: 1024px){.kadence-column8495_163754-43 > .kt-inside-inner-col{flex-direction:column;justify-content:center;}}@media all and (max-width: 767px){.kadence-column8495_163754-43 > .kt-inside-inner-col{flex-direction:column;justify-content:center;}}<\/style>\n<div class=\"wp-block-kadence-column kadence-column8495_163754-43 fila--foto--2\"><div class=\"kt-inside-inner-col\">\n<figure class=\"wp-block-image size-full animated fadeIn slower\"><img loading=\"lazy\" decoding=\"async\" width=\"807\" height=\"1080\" src=\"https:\/\/hachazuela.com\/wp-content\/uploads\/2023\/10\/alabastro-2.webp\" alt=\"Alabastre\" class=\"wp-image-7789\" srcset=\"https:\/\/hachazuela.com\/wp-content\/uploads\/2023\/10\/alabastro-2.webp 807w, https:\/\/hachazuela.com\/wp-content\/uploads\/2023\/10\/alabastro-2-812x1087.webp 812w\" sizes=\"auto, (max-width: 807px) 100vw, 807px\" \/><\/figure>\n\n\n\n<figure class=\"wp-block-image size-full animated fadeIn slower\"><img loading=\"lazy\" decoding=\"async\" width=\"807\" height=\"1080\" src=\"https:\/\/hachazuela.com\/wp-content\/uploads\/2023\/10\/alabastro-3.webp\" alt=\"Alabastre\" class=\"wp-image-7790\" srcset=\"https:\/\/hachazuela.com\/wp-content\/uploads\/2023\/10\/alabastro-3.webp 807w, https:\/\/hachazuela.com\/wp-content\/uploads\/2023\/10\/alabastro-3-812x1087.webp 812w\" sizes=\"auto, (max-width: 807px) 100vw, 807px\" \/><\/figure>\n<\/div><\/div>\n\n<\/div><\/div>","protected":false},"excerpt":{"rendered":"<p>L&#8217;alabastre \u00e9s un material que portem treballant m\u00e9s de dues d\u00e8cades. \u00c9s una pedra trasl\u00facida amb tons rosats, grisos i blancs, amb la gran caracter\u00edstica que difumina la llum. Obtenim la nostra pedra de la pen\u00ednsula. Utilitzada a l&#8217;antiguitat pels seus m\u00faltiples beneficis energ\u00e8tics, la seva major peculiaritat \u00e9s la seva translucidesa. Gr\u00e0cies a aix\u00f2,<a class=\"more-link\" href=\"https:\/\/hachazuela.com\/ca\/alabastre\/\">Read more  &#10230;<\/a><\/p>\n","protected":false},"author":1,"featured_media":0,"parent":0,"menu_order":0,"comment_status":"closed","ping_status":"closed","template":"","meta":{"_editorskit_title_hidden":false,"_editorskit_reading_time":0,"_editorskit_is_block_options_detached":false,"_editorskit_block_options_position":"{}","inline_featured_image":false,"footnotes":""},"class_list":["post-8495","page","type-page","status-publish","hentry"],"featured_image_src":null,"featured_image_src_square":null,"_links":{"self":[{"href":"https:\/\/hachazuela.com\/ca\/wp-json\/wp\/v2\/pages\/8495","targetHints":{"allow":["GET"]}}],"collection":[{"href":"https:\/\/hachazuela.com\/ca\/wp-json\/wp\/v2\/pages"}],"about":[{"href":"https:\/\/hachazuela.com\/ca\/wp-json\/wp\/v2\/types\/page"}],"author":[{"embeddable":true,"href":"https:\/\/hachazuela.com\/ca\/wp-json\/wp\/v2\/users\/1"}],"replies":[{"embeddable":true,"href":"https:\/\/hachazuela.com\/ca\/wp-json\/wp\/v2\/comments?post=8495"}],"version-history":[{"count":3,"href":"https:\/\/hachazuela.com\/ca\/wp-json\/wp\/v2\/pages\/8495\/revisions"}],"predecessor-version":[{"id":10157,"href":"https:\/\/hachazuela.com\/ca\/wp-json\/wp\/v2\/pages\/8495\/revisions\/10157"}],"wp:attachment":[{"href":"https:\/\/hachazuela.com\/ca\/wp-json\/wp\/v2\/media?parent=8495"}],"curies":[{"name":"wp","href":"https:\/\/api.w.org\/{rel}","templated":true}]}}